{"id":8548,"date":"2022-06-03T16:21:52","date_gmt":"2022-06-03T09:21:52","guid":{"rendered":"https:\/\/lienhop.vn\/?post_type=product&#038;p=8548"},"modified":"2022-07-14T04:15:07","modified_gmt":"2022-07-13T21:15:07","slug":"chai-xit-khu-mui-diet-khuan-noi-that-xe-o-to-3m-38660-disinfectant-formaldehyde-removal-spray-200ml","status":"publish","type":"product","link":"https:\/\/lienhop.vn\/en\/cham-soc-xe\/chai-xit-khu-mui-diet-khuan-noi-that-xe-o-to-3m-38660-disinfectant-formaldehyde-removal-spray-200ml\/","title":{"rendered":"Chai x\u1ecbt kh\u1eed m\u00f9i di\u1ec7t khu\u1ea9n n\u1ed9i th\u1ea5t xe \u00f4 t\u00f4 3M\u2122 38660 Disinfectant Formaldehyde Removal Spray 200ml"},"content":{"rendered":"<p>Lo\u1ea1i b\u1ecf c\u00e1c t\u00e1c nh\u00e2n t\u1ea1o m\u00f9i v\u00e0 kh\u00ed \u0111\u1ed9c h\u1ea1i, c\u1ea3i thi\u1ec7n kh\u00f4ng kh\u00ed b\u00ean trong n\u1ed9i th\u1ea5t \u00f4 t\u00f4.<\/p>","protected":false},"excerpt":{"rendered":"<ul>\n<li>Th\u1eddi h\u1ea1n s\u1eed d\u1ee5ng: 03 n\u0103m k\u1ec3 t\u1eeb ng\u00e0y s\u1ea3n xu\u1ea5t<\/li>\n<li>Xu\u1ea5t x\u1ee9: China<\/li>\n<li>Dung t\u00edch: 200ml<\/li>\n<li>Ki\u1ec3u d\u00e1ng: Chai nh\u1ef1a<\/li>\n<\/ul>","protected":false},"featured_media":8861,"template":"","meta":{"inline_featured_image":false},"product_cat":[441],"product_tag":[409,109,119],"class_list":["post-8548","product","type-product","status-publish","has-post-thumbnail","hentry","product-brand-3m","product_cat-cham-soc-xe","product_tag-409","product_tag-3m","product_tag-cham-soc-xe"],"yoast_head":"<!-- This site is optimized with the Yoast SEO Premium plugin v17.2 (Yoast SEO v17.2) - https:\/\/yoast.com\/wordpress\/plugins\/seo\/ -->\n<title>Chai x\u1ecbt kh\u1eed m\u00f9i di\u1ec7t khu\u1ea9n n\u1ed9i th\u1ea5t xe \u00f4 t\u00f4 3M\u2122 38660 Disinfectant Formaldehyde Removal Spray 200ml - Li\u00ean H\u1ee3p<\/title>\n<meta name=\"robots\" content=\"index, follow, max-snippet:-1, max-image-preview:large, max-video-preview:-1\" \/>\n<link rel=\"canonical\" href=\"https:\/\/lienhop.vn\/en\/cham-soc-xe\/chai-xit-khu-mui-diet-khuan-noi-that-xe-o-to-3m-38660-disinfectant-formaldehyde-removal-spray-200ml\/\" \/>\n<meta property=\"og:locale\" content=\"en_US\" \/>\n<meta property=\"og:type\" content=\"article\" \/>\n<meta property=\"og:title\" content=\"Chai x\u1ecbt kh\u1eed m\u00f9i di\u1ec7t khu\u1ea9n n\u1ed9i th\u1ea5t xe \u00f4 t\u00f4 3M\u2122 38660 Disinfectant Formaldehyde Removal Spray 200ml\" \/>\n<meta property=\"og:description\" content=\"Th\u1eddi h\u1ea1n s\u1eed d\u1ee5ng: 03 n\u0103m k\u1ec3 t\u1eeb ng\u00e0y s\u1ea3n xu\u1ea5t  Xu\u1ea5t x\u1ee9: China  Dung t\u00edch: 200ml  Ki\u1ec3u d\u00e1ng: Chai nh\u1ef1a\" \/>\n<meta property=\"og:url\" content=\"https:\/\/lienhop.vn\/en\/cham-soc-xe\/chai-xit-khu-mui-diet-khuan-noi-that-xe-o-to-3m-38660-disinfectant-formaldehyde-removal-spray-200ml\/\" \/>\n<meta property=\"og:site_name\" content=\"Li\u00ean H\u1ee3p\" \/>\n<meta property=\"article:modified_time\" content=\"2022-07-13T21:15:07+00:00\" \/>\n<meta property=\"og:image\" content=\"https:\/\/lienhop.vn\/wp-content\/uploads\/2022\/06\/38660-5.png\" \/>\n\t<meta property=\"og:image:width\" content=\"2000\" \/>\n\t<meta property=\"og:image:height\" content=\"2000\" \/>\n<meta name=\"twitter:card\" content=\"summary_large_image\" \/>\n<meta name=\"twitter:label1\" content=\"Est. reading time\" \/>\n\t<meta name=\"twitter:data1\" content=\"1 minute\" \/>\n<script type=\"application\/ld+json\" class=\"yoast-schema-graph\">{\"@context\":\"https:\/\/schema.org\",\"@graph\":[{\"@type\":\"WebSite\",\"@id\":\"https:\/\/lienhop.vn\/#website\",\"url\":\"https:\/\/lienhop.vn\/\",\"name\":\"Li\\u00ean H\\u1ee3p\",\"description\":\"Chuy\\u00ean cung c\\u1ea5p c\\u00e1c s\\u1ea3n ph\\u1ea9m ch\\u0103m s\\u00f3c xe 3M\",\"potentialAction\":[{\"@type\":\"SearchAction\",\"target\":{\"@type\":\"EntryPoint\",\"urlTemplate\":\"https:\/\/lienhop.vn\/?s={search_term_string}\"},\"query-input\":\"required name=search_term_string\"}],\"inLanguage\":\"en-US\"},{\"@type\":\"ImageObject\",\"@id\":\"https:\/\/lienhop.vn\/cham-soc-xe\/chai-xit-khu-mui-diet-khuan-noi-that-xe-o-to-3m-38660-disinfectant-formaldehyde-removal-spray-200ml\/#primaryimage\",\"inLanguage\":\"en-US\",\"url\":\"https:\/\/lienhop.vn\/wp-content\/uploads\/2022\/06\/38660-5.png\",\"contentUrl\":\"https:\/\/lienhop.vn\/wp-content\/uploads\/2022\/06\/38660-5.png\",\"width\":2000,\"height\":2000},{\"@type\":\"WebPage\",\"@id\":\"https:\/\/lienhop.vn\/cham-soc-xe\/chai-xit-khu-mui-diet-khuan-noi-that-xe-o-to-3m-38660-disinfectant-formaldehyde-removal-spray-200ml\/#webpage\",\"url\":\"https:\/\/lienhop.vn\/cham-soc-xe\/chai-xit-khu-mui-diet-khuan-noi-that-xe-o-to-3m-38660-disinfectant-formaldehyde-removal-spray-200ml\/\",\"name\":\"Chai x\\u1ecbt kh\\u1eed m\\u00f9i di\\u1ec7t khu\\u1ea9n n\\u1ed9i th\\u1ea5t xe \\u00f4 t\\u00f4 3M\\u2122 38660 Disinfectant Formaldehyde Removal Spray 200ml - Li\\u00ean H\\u1ee3p\",\"isPartOf\":{\"@id\":\"https:\/\/lienhop.vn\/#website\"},\"primaryImageOfPage\":{\"@id\":\"https:\/\/lienhop.vn\/cham-soc-xe\/chai-xit-khu-mui-diet-khuan-noi-that-xe-o-to-3m-38660-disinfectant-formaldehyde-removal-spray-200ml\/#primaryimage\"},\"datePublished\":\"2022-06-03T09:21:52+00:00\",\"dateModified\":\"2022-07-13T21:15:07+00:00\",\"breadcrumb\":{\"@id\":\"https:\/\/lienhop.vn\/cham-soc-xe\/chai-xit-khu-mui-diet-khuan-noi-that-xe-o-to-3m-38660-disinfectant-formaldehyde-removal-spray-200ml\/#breadcrumb\"},\"inLanguage\":\"en-US\",\"potentialAction\":[{\"@type\":\"ReadAction\",\"target\":[\"https:\/\/lienhop.vn\/cham-soc-xe\/chai-xit-khu-mui-diet-khuan-noi-that-xe-o-to-3m-38660-disinfectant-formaldehyde-removal-spray-200ml\/\"]}]},{\"@type\":\"BreadcrumbList\",\"@id\":\"https:\/\/lienhop.vn\/cham-soc-xe\/chai-xit-khu-mui-diet-khuan-noi-that-xe-o-to-3m-38660-disinfectant-formaldehyde-removal-spray-200ml\/#breadcrumb\",\"itemListElement\":[{\"@type\":\"ListItem\",\"position\":1,\"name\":\"Trang ch\\u1ee7\",\"item\":\"https:\/\/lienhop.vn\/\"},{\"@type\":\"ListItem\",\"position\":2,\"name\":\"S\\u1ea3n ph\\u1ea9m\",\"item\":\"https:\/\/lienhop.vn\/san-pham\/\"},{\"@type\":\"ListItem\",\"position\":3,\"name\":\"Chai x\\u1ecbt kh\\u1eed m\\u00f9i di\\u1ec7t khu\\u1ea9n n\\u1ed9i th\\u1ea5t xe \\u00f4 t\\u00f4 3M\\u2122 38660 Disinfectant Formaldehyde Removal Spray 200ml\"}]}]}<\/script>\n<!-- \/ Yoast SEO Premium plugin. -->","yoast_head_json":{"title":"Chai x\u1ecbt kh\u1eed m\u00f9i di\u1ec7t khu\u1ea9n n\u1ed9i th\u1ea5t xe \u00f4 t\u00f4 3M\u2122 38660 Disinfectant Formaldehyde Removal Spray 200ml - Li\u00ean H\u1ee3p","robots":{"index":"index","follow":"follow","max-snippet":"max-snippet:-1","max-image-preview":"max-image-preview:large","max-video-preview":"max-video-preview:-1"},"canonical":"https:\/\/lienhop.vn\/en\/cham-soc-xe\/chai-xit-khu-mui-diet-khuan-noi-that-xe-o-to-3m-38660-disinfectant-formaldehyde-removal-spray-200ml\/","og_locale":"en_US","og_type":"article","og_title":"Chai x\u1ecbt kh\u1eed m\u00f9i di\u1ec7t khu\u1ea9n n\u1ed9i th\u1ea5t xe \u00f4 t\u00f4 3M\u2122 38660 Disinfectant Formaldehyde Removal Spray 200ml","og_description":"Th\u1eddi h\u1ea1n s\u1eed d\u1ee5ng: 03 n\u0103m k\u1ec3 t\u1eeb ng\u00e0y s\u1ea3n xu\u1ea5t  Xu\u1ea5t x\u1ee9: China  Dung t\u00edch: 200ml  Ki\u1ec3u d\u00e1ng: Chai nh\u1ef1a","og_url":"https:\/\/lienhop.vn\/en\/cham-soc-xe\/chai-xit-khu-mui-diet-khuan-noi-that-xe-o-to-3m-38660-disinfectant-formaldehyde-removal-spray-200ml\/","og_site_name":"Li\u00ean H\u1ee3p","article_modified_time":"2022-07-13T21:15:07+00:00","og_image":[{"width":2000,"height":2000,"filesize":882637,"url":"https:\/\/lienhop.vn\/wp-content\/uploads\/2022\/06\/38660-5.png","path":"\/home\/dai57188\/public_html\/lienhop.vn\/wp-content\/uploads\/2022\/06\/38660-5.png","size":"full","id":8861,"alt":"","pixels":4000000,"type":"image\/png"}],"twitter_card":"summary_large_image","twitter_misc":{"Est. reading time":"1 minute"},"schema":{"@context":"https:\/\/schema.org","@graph":[{"@type":"WebSite","@id":"https:\/\/lienhop.vn\/#website","url":"https:\/\/lienhop.vn\/","name":"Li\u00ean H\u1ee3p","description":"Chuy\u00ean cung c\u1ea5p c\u00e1c s\u1ea3n ph\u1ea9m ch\u0103m s\u00f3c xe 3M","potentialAction":[{"@type":"SearchAction","target":{"@type":"EntryPoint","urlTemplate":"https:\/\/lienhop.vn\/?s={search_term_string}"},"query-input":"required name=search_term_string"}],"inLanguage":"en-US"},{"@type":"ImageObject","@id":"https:\/\/lienhop.vn\/cham-soc-xe\/chai-xit-khu-mui-diet-khuan-noi-that-xe-o-to-3m-38660-disinfectant-formaldehyde-removal-spray-200ml\/#primaryimage","inLanguage":"en-US","url":"https:\/\/lienhop.vn\/wp-content\/uploads\/2022\/06\/38660-5.png","contentUrl":"https:\/\/lienhop.vn\/wp-content\/uploads\/2022\/06\/38660-5.png","width":2000,"height":2000},{"@type":"WebPage","@id":"https:\/\/lienhop.vn\/cham-soc-xe\/chai-xit-khu-mui-diet-khuan-noi-that-xe-o-to-3m-38660-disinfectant-formaldehyde-removal-spray-200ml\/#webpage","url":"https:\/\/lienhop.vn\/cham-soc-xe\/chai-xit-khu-mui-diet-khuan-noi-that-xe-o-to-3m-38660-disinfectant-formaldehyde-removal-spray-200ml\/","name":"Chai x\u1ecbt kh\u1eed m\u00f9i di\u1ec7t khu\u1ea9n n\u1ed9i th\u1ea5t xe \u00f4 t\u00f4 3M\u2122 38660 Disinfectant Formaldehyde Removal Spray 200ml - Li\u00ean H\u1ee3p","isPartOf":{"@id":"https:\/\/lienhop.vn\/#website"},"primaryImageOfPage":{"@id":"https:\/\/lienhop.vn\/cham-soc-xe\/chai-xit-khu-mui-diet-khuan-noi-that-xe-o-to-3m-38660-disinfectant-formaldehyde-removal-spray-200ml\/#primaryimage"},"datePublished":"2022-06-03T09:21:52+00:00","dateModified":"2022-07-13T21:15:07+00:00","breadcrumb":{"@id":"https:\/\/lienhop.vn\/cham-soc-xe\/chai-xit-khu-mui-diet-khuan-noi-that-xe-o-to-3m-38660-disinfectant-formaldehyde-removal-spray-200ml\/#breadcrumb"},"inLanguage":"en-US","potentialAction":[{"@type":"ReadAction","target":["https:\/\/lienhop.vn\/cham-soc-xe\/chai-xit-khu-mui-diet-khuan-noi-that-xe-o-to-3m-38660-disinfectant-formaldehyde-removal-spray-200ml\/"]}]},{"@type":"BreadcrumbList","@id":"https:\/\/lienhop.vn\/cham-soc-xe\/chai-xit-khu-mui-diet-khuan-noi-that-xe-o-to-3m-38660-disinfectant-formaldehyde-removal-spray-200ml\/#breadcrumb","itemListElement":[{"@type":"ListItem","position":1,"name":"Trang ch\u1ee7","item":"https:\/\/lienhop.vn\/"},{"@type":"ListItem","position":2,"name":"S\u1ea3n ph\u1ea9m","item":"https:\/\/lienhop.vn\/san-pham\/"},{"@type":"ListItem","position":3,"name":"Chai x\u1ecbt kh\u1eed m\u00f9i di\u1ec7t khu\u1ea9n n\u1ed9i th\u1ea5t xe \u00f4 t\u00f4 3M\u2122 38660 Disinfectant Formaldehyde Removal Spray 200ml"}]}]}},"_links":{"self":[{"href":"https:\/\/lienhop.vn\/en\/wp-json\/wp\/v2\/product\/8548","targetHints":{"allow":["GET"]}}],"collection":[{"href":"https:\/\/lienhop.vn\/en\/wp-json\/wp\/v2\/product"}],"about":[{"href":"https:\/\/lienhop.vn\/en\/wp-json\/wp\/v2\/types\/product"}],"wp:featuredmedia":[{"embeddable":true,"href":"https:\/\/lienhop.vn\/en\/wp-json\/wp\/v2\/media\/8861"}],"wp:attachment":[{"href":"https:\/\/lienhop.vn\/en\/wp-json\/wp\/v2\/media?parent=8548"}],"wp:term":[{"taxonomy":"product_cat","embeddable":true,"href":"https:\/\/lienhop.vn\/en\/wp-json\/wp\/v2\/product_cat?post=8548"},{"taxonomy":"product_tag","embeddable":true,"href":"https:\/\/lienhop.vn\/en\/wp-json\/wp\/v2\/product_tag?post=8548"}],"curies":[{"name":"wp","href":"https:\/\/api.w.org\/{rel}","templated":true}]}}