{"id":8544,"date":"2022-06-02T16:55:54","date_gmt":"2022-06-02T09:55:54","guid":{"rendered":"https:\/\/lienhop.vn\/?post_type=product&#038;p=8544"},"modified":"2022-07-14T04:15:12","modified_gmt":"2022-07-13T21:15:12","slug":"binh-xit-rua-xe-kho-3m-39110-waterless-wash-wax-453g","status":"publish","type":"product","link":"https:\/\/lienhop.vn\/en\/cham-soc-xe\/binh-xit-rua-xe-kho-3m-39110-waterless-wash-wax-453g\/","title":{"rendered":"B\u00ecnh x\u1ecbt r\u1eeda xe kh\u00f4 3M\u2122 39110 Waterless Wash &#038; Wax 453g"},"content":{"rendered":"<p class=\"SNAPS--pdpTabDes\">3M\u2122 Waterless Wash &amp; Wax l\u00e0m s\u1ea1ch b\u1ee5i b\u1ea9n nh\u1eb9 tr\u00ean t\u1ea5t c\u1ea3 c\u00e1c b\u1ec1 m\u1eb7t \u00f4 t\u00f4 b\u00ean ngo\u00e0i, bao g\u1ed3m k\u00ednh, s\u01a1n, cr\u00f4m, nh\u1ef1a v\u00e0 kim lo\u1ea1i. S\u1ea3n ph\u1ea9m n\u00e0y tuy\u1ec7t v\u1eddi \u0111\u1ec3 s\u1eed d\u1ee5ng trong m\u00f4i tr\u01b0\u1eddng ho\u1eb7c khu v\u1ef1c t\u1ed3n n\u01b0\u1edbc, v\u00ec s\u1ea3n ph\u1ea9m n\u00e0y \u0111\u01b0\u1ee3c thi\u1ebft k\u1ebf \u0111\u1ec3 s\u1eed d\u1ee5ng m\u00e0 kh\u00f4ng c\u1ea7n n\u01b0\u1edbc.<\/p>\n<ul class=\"MMM--pdpList SNAPS--bullets\">\n<li>S\u1ea3n ph\u1ea9m r\u1eeda v\u00e0 t\u1ea1o b\u00f3ng kh\u00f4ng c\u1ea7n n\u01b0\u1edbc<\/li>\n<li>D\u1ec5 s\u1eed d\u1ee5ng<\/li>\n<li>Thu\u1ed1c x\u1ecbt c\u00f3 \u0111\u1ed9 bao ph\u1ee7 r\u1ed9ng \u0111\u1ed3ng \u0111\u1ec1u<\/li>\n<li>D\u1ec5 d\u00e0ng l\u00e0m s\u1ea1ch v\u00e0 tr\u00e1nh d\u01b0 l\u01b0\u1ee3ng t\u1eeb b\u1ea5t k\u1ef3 \u0111i\u1ec3m b\u1ecb b\u1ecf l\u1ee1 n\u00e0o<\/li>\n<\/ul>","protected":false},"excerpt":{"rendered":"<ul>\n<li>Th\u1eddi h\u1ea1n s\u1eed d\u1ee5ng: \u2026.. n\u0103m k\u1ec3 t\u1eeb ng\u00e0y s\u1ea3n xu\u1ea5t<\/li>\n<li>Xu\u1ea5t x\u1ee9:<\/li>\n<li>Tr\u1ecdng l\u01b0\u1ee3ng:<\/li>\n<li>Ki\u1ec3u d\u00e1ng:<\/li>\n<li>Ph\u1ea1m vi s\u1eed d\u1ee5ng:<\/li>\n<li>Th\u1eddi gian khuy\u1ebfn ngh\u1ecb s\u1eed d\u1ee5ng s\u1ea3n ph\u1ea9m: \u2026\u2026.<\/li>\n<\/ul>","protected":false},"featured_media":8546,"template":"","meta":{"inline_featured_image":false},"product_cat":[441],"product_tag":[408,109,119],"class_list":["post-8544","product","type-product","status-publish","has-post-thumbnail","hentry","product-brand-3m","product_cat-cham-soc-xe","product_tag-408","product_tag-3m","product_tag-cham-soc-xe"],"yoast_head":"<!-- This site is optimized with the Yoast SEO Premium plugin v17.2 (Yoast SEO v17.2) - https:\/\/yoast.com\/wordpress\/plugins\/seo\/ -->\n<title>B\u00ecnh x\u1ecbt r\u1eeda xe kh\u00f4 3M\u2122 39110 Waterless Wash &amp; Wax 453g - Li\u00ean H\u1ee3p<\/title>\n<meta name=\"robots\" content=\"index, follow, max-snippet:-1, max-image-preview:large, max-video-preview:-1\" \/>\n<link rel=\"canonical\" href=\"https:\/\/lienhop.vn\/en\/cham-soc-xe\/binh-xit-rua-xe-kho-3m-39110-waterless-wash-wax-453g\/\" \/>\n<meta property=\"og:locale\" content=\"en_US\" \/>\n<meta property=\"og:type\" content=\"article\" \/>\n<meta property=\"og:title\" content=\"B\u00ecnh x\u1ecbt r\u1eeda xe kh\u00f4 3M\u2122 39110 Waterless Wash &amp; Wax 453g\" \/>\n<meta property=\"og:description\" content=\"Th\u1eddi h\u1ea1n s\u1eed d\u1ee5ng: \u2026.. n\u0103m k\u1ec3 t\u1eeb ng\u00e0y s\u1ea3n xu\u1ea5t  Xu\u1ea5t x\u1ee9:  Tr\u1ecdng l\u01b0\u1ee3ng:  Ki\u1ec3u d\u00e1ng:  Ph\u1ea1m vi s\u1eed d\u1ee5ng:  Th\u1eddi gian khuy\u1ebfn ngh\u1ecb s\u1eed d\u1ee5ng s\u1ea3n ph\u1ea9m: \u2026\u2026.\" \/>\n<meta property=\"og:url\" content=\"https:\/\/lienhop.vn\/en\/cham-soc-xe\/binh-xit-rua-xe-kho-3m-39110-waterless-wash-wax-453g\/\" \/>\n<meta property=\"og:site_name\" content=\"Li\u00ean H\u1ee3p\" \/>\n<meta property=\"article:modified_time\" content=\"2022-07-13T21:15:12+00:00\" \/>\n<meta property=\"og:image\" content=\"https:\/\/lienhop.vn\/wp-content\/uploads\/2022\/06\/39110-1.jpg\" \/>\n\t<meta property=\"og:image:width\" content=\"2000\" \/>\n\t<meta property=\"og:image:height\" content=\"2000\" \/>\n<meta name=\"twitter:card\" content=\"summary_large_image\" \/>\n<meta name=\"twitter:label1\" content=\"Est. reading time\" \/>\n\t<meta name=\"twitter:data1\" content=\"1 minute\" \/>\n<script type=\"application\/ld+json\" class=\"yoast-schema-graph\">{\"@context\":\"https:\/\/schema.org\",\"@graph\":[{\"@type\":\"WebSite\",\"@id\":\"https:\/\/lienhop.vn\/#website\",\"url\":\"https:\/\/lienhop.vn\/\",\"name\":\"Li\\u00ean H\\u1ee3p\",\"description\":\"Chuy\\u00ean cung c\\u1ea5p c\\u00e1c s\\u1ea3n ph\\u1ea9m ch\\u0103m s\\u00f3c xe 3M\",\"potentialAction\":[{\"@type\":\"SearchAction\",\"target\":{\"@type\":\"EntryPoint\",\"urlTemplate\":\"https:\/\/lienhop.vn\/?s={search_term_string}\"},\"query-input\":\"required name=search_term_string\"}],\"inLanguage\":\"en-US\"},{\"@type\":\"ImageObject\",\"@id\":\"https:\/\/lienhop.vn\/cham-soc-xe\/binh-xit-rua-xe-kho-3m-39110-waterless-wash-wax-453g\/#primaryimage\",\"inLanguage\":\"en-US\",\"url\":\"https:\/\/lienhop.vn\/wp-content\/uploads\/2022\/06\/39110-1.jpg\",\"contentUrl\":\"https:\/\/lienhop.vn\/wp-content\/uploads\/2022\/06\/39110-1.jpg\",\"width\":2000,\"height\":2000},{\"@type\":\"WebPage\",\"@id\":\"https:\/\/lienhop.vn\/cham-soc-xe\/binh-xit-rua-xe-kho-3m-39110-waterless-wash-wax-453g\/#webpage\",\"url\":\"https:\/\/lienhop.vn\/cham-soc-xe\/binh-xit-rua-xe-kho-3m-39110-waterless-wash-wax-453g\/\",\"name\":\"B\\u00ecnh x\\u1ecbt r\\u1eeda xe kh\\u00f4 3M\\u2122 39110 Waterless Wash & Wax 453g - Li\\u00ean H\\u1ee3p\",\"isPartOf\":{\"@id\":\"https:\/\/lienhop.vn\/#website\"},\"primaryImageOfPage\":{\"@id\":\"https:\/\/lienhop.vn\/cham-soc-xe\/binh-xit-rua-xe-kho-3m-39110-waterless-wash-wax-453g\/#primaryimage\"},\"datePublished\":\"2022-06-02T09:55:54+00:00\",\"dateModified\":\"2022-07-13T21:15:12+00:00\",\"breadcrumb\":{\"@id\":\"https:\/\/lienhop.vn\/cham-soc-xe\/binh-xit-rua-xe-kho-3m-39110-waterless-wash-wax-453g\/#breadcrumb\"},\"inLanguage\":\"en-US\",\"potentialAction\":[{\"@type\":\"ReadAction\",\"target\":[\"https:\/\/lienhop.vn\/cham-soc-xe\/binh-xit-rua-xe-kho-3m-39110-waterless-wash-wax-453g\/\"]}]},{\"@type\":\"BreadcrumbList\",\"@id\":\"https:\/\/lienhop.vn\/cham-soc-xe\/binh-xit-rua-xe-kho-3m-39110-waterless-wash-wax-453g\/#breadcrumb\",\"itemListElement\":[{\"@type\":\"ListItem\",\"position\":1,\"name\":\"Trang ch\\u1ee7\",\"item\":\"https:\/\/lienhop.vn\/\"},{\"@type\":\"ListItem\",\"position\":2,\"name\":\"S\\u1ea3n ph\\u1ea9m\",\"item\":\"https:\/\/lienhop.vn\/san-pham\/\"},{\"@type\":\"ListItem\",\"position\":3,\"name\":\"B\\u00ecnh x\\u1ecbt r\\u1eeda xe kh\\u00f4 3M\\u2122 39110 Waterless Wash &#038; Wax 453g\"}]}]}<\/script>\n<!-- \/ Yoast SEO Premium plugin. -->","yoast_head_json":{"title":"B\u00ecnh x\u1ecbt r\u1eeda xe kh\u00f4 3M\u2122 39110 Waterless Wash & Wax 453g - Li\u00ean H\u1ee3p","robots":{"index":"index","follow":"follow","max-snippet":"max-snippet:-1","max-image-preview":"max-image-preview:large","max-video-preview":"max-video-preview:-1"},"canonical":"https:\/\/lienhop.vn\/en\/cham-soc-xe\/binh-xit-rua-xe-kho-3m-39110-waterless-wash-wax-453g\/","og_locale":"en_US","og_type":"article","og_title":"B\u00ecnh x\u1ecbt r\u1eeda xe kh\u00f4 3M\u2122 39110 Waterless Wash & Wax 453g","og_description":"Th\u1eddi h\u1ea1n s\u1eed d\u1ee5ng: \u2026.. n\u0103m k\u1ec3 t\u1eeb ng\u00e0y s\u1ea3n xu\u1ea5t  Xu\u1ea5t x\u1ee9:  Tr\u1ecdng l\u01b0\u1ee3ng:  Ki\u1ec3u d\u00e1ng:  Ph\u1ea1m vi s\u1eed d\u1ee5ng:  Th\u1eddi gian khuy\u1ebfn ngh\u1ecb s\u1eed d\u1ee5ng s\u1ea3n ph\u1ea9m: \u2026\u2026.","og_url":"https:\/\/lienhop.vn\/en\/cham-soc-xe\/binh-xit-rua-xe-kho-3m-39110-waterless-wash-wax-453g\/","og_site_name":"Li\u00ean H\u1ee3p","article_modified_time":"2022-07-13T21:15:12+00:00","og_image":[{"width":2000,"height":2000,"filesize":935412,"url":"https:\/\/lienhop.vn\/wp-content\/uploads\/2022\/06\/39110-1.jpg","path":"\/home\/daithong\/public_html\/wp-content\/uploads\/2022\/06\/39110-1.jpg","size":"full","id":8546,"alt":"","pixels":4000000,"type":"image\/jpeg"}],"twitter_card":"summary_large_image","twitter_misc":{"Est. reading time":"1 minute"},"schema":{"@context":"https:\/\/schema.org","@graph":[{"@type":"WebSite","@id":"https:\/\/lienhop.vn\/#website","url":"https:\/\/lienhop.vn\/","name":"Li\u00ean H\u1ee3p","description":"Chuy\u00ean cung c\u1ea5p c\u00e1c s\u1ea3n ph\u1ea9m ch\u0103m s\u00f3c xe 3M","potentialAction":[{"@type":"SearchAction","target":{"@type":"EntryPoint","urlTemplate":"https:\/\/lienhop.vn\/?s={search_term_string}"},"query-input":"required name=search_term_string"}],"inLanguage":"en-US"},{"@type":"ImageObject","@id":"https:\/\/lienhop.vn\/cham-soc-xe\/binh-xit-rua-xe-kho-3m-39110-waterless-wash-wax-453g\/#primaryimage","inLanguage":"en-US","url":"https:\/\/lienhop.vn\/wp-content\/uploads\/2022\/06\/39110-1.jpg","contentUrl":"https:\/\/lienhop.vn\/wp-content\/uploads\/2022\/06\/39110-1.jpg","width":2000,"height":2000},{"@type":"WebPage","@id":"https:\/\/lienhop.vn\/cham-soc-xe\/binh-xit-rua-xe-kho-3m-39110-waterless-wash-wax-453g\/#webpage","url":"https:\/\/lienhop.vn\/cham-soc-xe\/binh-xit-rua-xe-kho-3m-39110-waterless-wash-wax-453g\/","name":"B\u00ecnh x\u1ecbt r\u1eeda xe kh\u00f4 3M\u2122 39110 Waterless Wash & Wax 453g - Li\u00ean H\u1ee3p","isPartOf":{"@id":"https:\/\/lienhop.vn\/#website"},"primaryImageOfPage":{"@id":"https:\/\/lienhop.vn\/cham-soc-xe\/binh-xit-rua-xe-kho-3m-39110-waterless-wash-wax-453g\/#primaryimage"},"datePublished":"2022-06-02T09:55:54+00:00","dateModified":"2022-07-13T21:15:12+00:00","breadcrumb":{"@id":"https:\/\/lienhop.vn\/cham-soc-xe\/binh-xit-rua-xe-kho-3m-39110-waterless-wash-wax-453g\/#breadcrumb"},"inLanguage":"en-US","potentialAction":[{"@type":"ReadAction","target":["https:\/\/lienhop.vn\/cham-soc-xe\/binh-xit-rua-xe-kho-3m-39110-waterless-wash-wax-453g\/"]}]},{"@type":"BreadcrumbList","@id":"https:\/\/lienhop.vn\/cham-soc-xe\/binh-xit-rua-xe-kho-3m-39110-waterless-wash-wax-453g\/#breadcrumb","itemListElement":[{"@type":"ListItem","position":1,"name":"Trang ch\u1ee7","item":"https:\/\/lienhop.vn\/"},{"@type":"ListItem","position":2,"name":"S\u1ea3n ph\u1ea9m","item":"https:\/\/lienhop.vn\/san-pham\/"},{"@type":"ListItem","position":3,"name":"B\u00ecnh x\u1ecbt r\u1eeda xe kh\u00f4 3M\u2122 39110 Waterless Wash &#038; Wax 453g"}]}]}},"_links":{"self":[{"href":"https:\/\/lienhop.vn\/en\/wp-json\/wp\/v2\/product\/8544","targetHints":{"allow":["GET"]}}],"collection":[{"href":"https:\/\/lienhop.vn\/en\/wp-json\/wp\/v2\/product"}],"about":[{"href":"https:\/\/lienhop.vn\/en\/wp-json\/wp\/v2\/types\/product"}],"wp:featuredmedia":[{"embeddable":true,"href":"https:\/\/lienhop.vn\/en\/wp-json\/wp\/v2\/media\/8546"}],"wp:attachment":[{"href":"https:\/\/lienhop.vn\/en\/wp-json\/wp\/v2\/media?parent=8544"}],"wp:term":[{"taxonomy":"product_cat","embeddable":true,"href":"https:\/\/lienhop.vn\/en\/wp-json\/wp\/v2\/product_cat?post=8544"},{"taxonomy":"product_tag","embeddable":true,"href":"https:\/\/lienhop.vn\/en\/wp-json\/wp\/v2\/product_tag?post=8544"}],"curies":[{"name":"wp","href":"https:\/\/api.w.org\/{rel}","templated":true}]}}