{"id":4750,"date":"2022-03-18T15:39:47","date_gmt":"2022-03-18T08:39:47","guid":{"rendered":"https:\/\/lienhop.vn\/?post_type=product&#038;p=4750"},"modified":"2022-03-18T15:47:20","modified_gmt":"2022-03-18T08:47:20","slug":"phin-loc-hoi-huu-co-3m-3301k-100-organic-vapor-cartridge","status":"publish","type":"product","link":"https:\/\/lienhop.vn\/en\/bao-ho-lao-dong\/phin-loc-hoi-huu-co-3m-3301k-100-organic-vapor-cartridge\/","title":{"rendered":"Phin l\u1ecdc h\u01a1i h\u1eefu c\u01a1 3M\u2122 3301K-100 Organic Vapor Cartridge"},"content":{"rendered":"<ul>\n<li>L\u1ecdc \u0111\u01b0\u1ee3c nhi\u1ec1u lo\u1ea1i h\u1eefu c\u01a1 \u0111\u1ed9c h\u1ea1i.<\/li>\n<li>L\u00f5i than ho\u1ea1t t\u00ednh gi\u00fap lo\u1ea1i b\u1ecf c\u00e1c kh\u00ed \u0111\u1ed9c h\u1ea1i, kh\u00f4ng l\u00e0m \u1ea3nh h\u01b0\u1edfng t\u1edbi ng\u01b0\u1eddi s\u1eed d\u1ee5ng.<\/li>\n<li>D\u1ec5 d\u00e0ng s\u1eed d\u1ee5ng ho\u1eb7c mang \u0111i.<\/li>\n<\/ul>","protected":false},"excerpt":{"rendered":"<ul>\n<li>Th\u1eddi h\u1ea1n s\u1eed d\u1ee5ng: \u2026 n\u0103m k\u1ec3 t\u1eeb ng\u00e0y s\u1ea3n xu\u1ea5t<\/li>\n<li>Xu\u1ea5t x\u1ee9: Singapore<\/li>\n<li>Ti\u00eau chu\u1ea9n:\u00a0NIOSH \u2013 N95<\/li>\n<li>Lo\u1ea1i: 2 phin l\u1ecdc<\/li>\n<li>Ch\u1ea5t li\u1ec7u:\u00a0Nh\u1ef1a, m\u00e0ng Poly (Polyetylen) v\u00e0 pin l\u1ecdc ho\u1ea1t t\u00ednh.<\/li>\n<li>Th\u1eddi gian khuy\u1ebfn ngh\u1ecb s\u1eed d\u1ee5ng s\u1ea3n ph\u1ea9m: S\u1eed d\u1ee5ng trong ng\u00e0nh axit, kh\u00ed ga v\u00e0 b\u1ee5i, d\u01b0\u1ee3c ph\u1ea9m, s\u1ea3n xu\u1ea5t h\u00f3a ch\u1ea5t, ph\u00f2ng th\u00ed nghi\u1ec7m, gi\u1ea5y v\u00e0 b\u1ed9t gi\u1ea5y; an to\u00e0n th\u1ef1c ph\u1ea9m, c\u01a1 s\u1edf h\u1ea1 t\u1ea7ng n\u1eb7ng, giao th\u00f4ng v\u1eadn t\u1ea3i, x\u00e2y d\u1ef1ng, thi\u1ebft k\u1ebf &amp; x\u00e2y d\u1ef1ng, khai th\u00e1c m\u1ecf, ch\u1ebf bi\u1ebfn th\u1ef1c ph\u1ea9m, b\u1ea3o d\u01b0\u1ee1ng c\u00f4ng nghi\u1ec7p, d\u1ea7u kh\u00ed\u2026<\/li>\n<li><\/li>\n<\/ul>","protected":false},"featured_media":4751,"template":"","meta":{"inline_featured_image":false},"product_cat":[87],"product_tag":[190,109,188],"class_list":["post-4750","product","type-product","status-publish","has-post-thumbnail","hentry","product-brand-3m","product_cat-bao-ho-lao-dong","product_tag-3301k-100","product_tag-3m","product_tag-bao-ho-lao-dong"],"yoast_head":"<!-- This site is optimized with the Yoast SEO Premium plugin v17.2 (Yoast SEO v17.2) - https:\/\/yoast.com\/wordpress\/plugins\/seo\/ -->\n<title>Phin l\u1ecdc h\u01a1i h\u1eefu c\u01a1 3M\u2122 3301K-100 Organic Vapor Cartridge - Li\u00ean H\u1ee3p<\/title>\n<meta name=\"robots\" content=\"index, follow, max-snippet:-1, max-image-preview:large, max-video-preview:-1\" \/>\n<link rel=\"canonical\" href=\"https:\/\/lienhop.vn\/en\/bao-ho-lao-dong\/phin-loc-hoi-huu-co-3m-3301k-100-organic-vapor-cartridge\/\" \/>\n<meta property=\"og:locale\" content=\"en_US\" \/>\n<meta property=\"og:type\" content=\"article\" \/>\n<meta property=\"og:title\" content=\"Phin l\u1ecdc h\u01a1i h\u1eefu c\u01a1 3M\u2122 3301K-100 Organic Vapor Cartridge\" \/>\n<meta property=\"og:description\" content=\"Th\u1eddi h\u1ea1n s\u1eed d\u1ee5ng: \u2026 n\u0103m k\u1ec3 t\u1eeb ng\u00e0y s\u1ea3n xu\u1ea5t  Xu\u1ea5t x\u1ee9: Singapore  Ti\u00eau chu\u1ea9n:\u00a0NIOSH \u2013 N95  Lo\u1ea1i: 2 phin l\u1ecdc  Ch\u1ea5t li\u1ec7u:\u00a0Nh\u1ef1a, m\u00e0ng Poly (Polyetylen) v\u00e0 pin l\u1ecdc ho\u1ea1t t\u00ednh.  Th\u1eddi gian khuy\u1ebfn ngh\u1ecb s\u1eed d\u1ee5ng s\u1ea3n ph\u1ea9m: S\u1eed d\u1ee5ng trong ng\u00e0nh axit, kh\u00ed ga v\u00e0 b\u1ee5i, d\u01b0\u1ee3c ph\u1ea9m, s\u1ea3n xu\u1ea5t h\u00f3a ch\u1ea5t, ph\u00f2ng th\u00ed nghi\u1ec7m, gi\u1ea5y v\u00e0 b\u1ed9t gi\u1ea5y; an to\u00e0n th\u1ef1c ph\u1ea9m, c\u01a1 s\u1edf h\u1ea1 t\u1ea7ng n\u1eb7ng, giao th\u00f4ng v\u1eadn t\u1ea3i, x\u00e2y d\u1ef1ng, thi\u1ebft k\u1ebf &amp; x\u00e2y d\u1ef1ng, khai th\u00e1c m\u1ecf, ch\u1ebf bi\u1ebfn th\u1ef1c ph\u1ea9m, b\u1ea3o d\u01b0\u1ee1ng c\u00f4ng nghi\u1ec7p, d\u1ea7u kh\u00ed\u2026\" \/>\n<meta property=\"og:url\" content=\"https:\/\/lienhop.vn\/en\/bao-ho-lao-dong\/phin-loc-hoi-huu-co-3m-3301k-100-organic-vapor-cartridge\/\" \/>\n<meta property=\"og:site_name\" content=\"Li\u00ean H\u1ee3p\" \/>\n<meta property=\"article:modified_time\" content=\"2022-03-18T08:47:20+00:00\" \/>\n<meta property=\"og:image\" content=\"https:\/\/lienhop.vn\/wp-content\/uploads\/2022\/03\/3301K-100-1.jpg\" \/>\n\t<meta property=\"og:image:width\" content=\"2000\" \/>\n\t<meta property=\"og:image:height\" content=\"2000\" \/>\n<meta name=\"twitter:card\" content=\"summary_large_image\" \/>\n<meta name=\"twitter:label1\" content=\"Est. reading time\" \/>\n\t<meta name=\"twitter:data1\" content=\"1 minute\" \/>\n<script type=\"application\/ld+json\" class=\"yoast-schema-graph\">{\"@context\":\"https:\/\/schema.org\",\"@graph\":[{\"@type\":\"WebSite\",\"@id\":\"https:\/\/lienhop.vn\/#website\",\"url\":\"https:\/\/lienhop.vn\/\",\"name\":\"Li\\u00ean H\\u1ee3p\",\"description\":\"Chuy\\u00ean cung c\\u1ea5p c\\u00e1c s\\u1ea3n ph\\u1ea9m ch\\u0103m s\\u00f3c xe 3M\",\"potentialAction\":[{\"@type\":\"SearchAction\",\"target\":{\"@type\":\"EntryPoint\",\"urlTemplate\":\"https:\/\/lienhop.vn\/?s={search_term_string}\"},\"query-input\":\"required name=search_term_string\"}],\"inLanguage\":\"en-US\"},{\"@type\":\"ImageObject\",\"@id\":\"https:\/\/lienhop.vn\/bao-ho-lao-dong\/phin-loc-hoi-huu-co-3m-3301k-100-organic-vapor-cartridge\/#primaryimage\",\"inLanguage\":\"en-US\",\"url\":\"https:\/\/lienhop.vn\/wp-content\/uploads\/2022\/03\/3301K-100-1.jpg\",\"contentUrl\":\"https:\/\/lienhop.vn\/wp-content\/uploads\/2022\/03\/3301K-100-1.jpg\",\"width\":2000,\"height\":2000},{\"@type\":\"WebPage\",\"@id\":\"https:\/\/lienhop.vn\/bao-ho-lao-dong\/phin-loc-hoi-huu-co-3m-3301k-100-organic-vapor-cartridge\/#webpage\",\"url\":\"https:\/\/lienhop.vn\/bao-ho-lao-dong\/phin-loc-hoi-huu-co-3m-3301k-100-organic-vapor-cartridge\/\",\"name\":\"Phin l\\u1ecdc h\\u01a1i h\\u1eefu c\\u01a1 3M\\u2122 3301K-100 Organic Vapor Cartridge - Li\\u00ean H\\u1ee3p\",\"isPartOf\":{\"@id\":\"https:\/\/lienhop.vn\/#website\"},\"primaryImageOfPage\":{\"@id\":\"https:\/\/lienhop.vn\/bao-ho-lao-dong\/phin-loc-hoi-huu-co-3m-3301k-100-organic-vapor-cartridge\/#primaryimage\"},\"datePublished\":\"2022-03-18T08:39:47+00:00\",\"dateModified\":\"2022-03-18T08:47:20+00:00\",\"breadcrumb\":{\"@id\":\"https:\/\/lienhop.vn\/bao-ho-lao-dong\/phin-loc-hoi-huu-co-3m-3301k-100-organic-vapor-cartridge\/#breadcrumb\"},\"inLanguage\":\"en-US\",\"potentialAction\":[{\"@type\":\"ReadAction\",\"target\":[\"https:\/\/lienhop.vn\/bao-ho-lao-dong\/phin-loc-hoi-huu-co-3m-3301k-100-organic-vapor-cartridge\/\"]}]},{\"@type\":\"BreadcrumbList\",\"@id\":\"https:\/\/lienhop.vn\/bao-ho-lao-dong\/phin-loc-hoi-huu-co-3m-3301k-100-organic-vapor-cartridge\/#breadcrumb\",\"itemListElement\":[{\"@type\":\"ListItem\",\"position\":1,\"name\":\"Trang ch\\u1ee7\",\"item\":\"https:\/\/lienhop.vn\/\"},{\"@type\":\"ListItem\",\"position\":2,\"name\":\"S\\u1ea3n ph\\u1ea9m\",\"item\":\"https:\/\/lienhop.vn\/san-pham\/\"},{\"@type\":\"ListItem\",\"position\":3,\"name\":\"Phin l\\u1ecdc h\\u01a1i h\\u1eefu c\\u01a1 3M\\u2122 3301K-100 Organic Vapor Cartridge\"}]}]}<\/script>\n<!-- \/ Yoast SEO Premium plugin. -->","yoast_head_json":{"title":"Phin l\u1ecdc h\u01a1i h\u1eefu c\u01a1 3M\u2122 3301K-100 Organic Vapor Cartridge - Li\u00ean H\u1ee3p","robots":{"index":"index","follow":"follow","max-snippet":"max-snippet:-1","max-image-preview":"max-image-preview:large","max-video-preview":"max-video-preview:-1"},"canonical":"https:\/\/lienhop.vn\/en\/bao-ho-lao-dong\/phin-loc-hoi-huu-co-3m-3301k-100-organic-vapor-cartridge\/","og_locale":"en_US","og_type":"article","og_title":"Phin l\u1ecdc h\u01a1i h\u1eefu c\u01a1 3M\u2122 3301K-100 Organic Vapor Cartridge","og_description":"Th\u1eddi h\u1ea1n s\u1eed d\u1ee5ng: \u2026 n\u0103m k\u1ec3 t\u1eeb ng\u00e0y s\u1ea3n xu\u1ea5t  Xu\u1ea5t x\u1ee9: Singapore  Ti\u00eau chu\u1ea9n:\u00a0NIOSH \u2013 N95  Lo\u1ea1i: 2 phin l\u1ecdc  Ch\u1ea5t li\u1ec7u:\u00a0Nh\u1ef1a, m\u00e0ng Poly (Polyetylen) v\u00e0 pin l\u1ecdc ho\u1ea1t t\u00ednh.  Th\u1eddi gian khuy\u1ebfn ngh\u1ecb s\u1eed d\u1ee5ng s\u1ea3n ph\u1ea9m: S\u1eed d\u1ee5ng trong ng\u00e0nh axit, kh\u00ed ga v\u00e0 b\u1ee5i, d\u01b0\u1ee3c ph\u1ea9m, s\u1ea3n xu\u1ea5t h\u00f3a ch\u1ea5t, ph\u00f2ng th\u00ed nghi\u1ec7m, gi\u1ea5y v\u00e0 b\u1ed9t gi\u1ea5y; an to\u00e0n th\u1ef1c ph\u1ea9m, c\u01a1 s\u1edf h\u1ea1 t\u1ea7ng n\u1eb7ng, giao th\u00f4ng v\u1eadn t\u1ea3i, x\u00e2y d\u1ef1ng, thi\u1ebft k\u1ebf &amp; x\u00e2y d\u1ef1ng, khai th\u00e1c m\u1ecf, ch\u1ebf bi\u1ebfn th\u1ef1c ph\u1ea9m, b\u1ea3o d\u01b0\u1ee1ng c\u00f4ng nghi\u1ec7p, d\u1ea7u kh\u00ed\u2026","og_url":"https:\/\/lienhop.vn\/en\/bao-ho-lao-dong\/phin-loc-hoi-huu-co-3m-3301k-100-organic-vapor-cartridge\/","og_site_name":"Li\u00ean H\u1ee3p","article_modified_time":"2022-03-18T08:47:20+00:00","og_image":[{"width":2000,"height":2000,"url":"https:\/\/lienhop.vn\/wp-content\/uploads\/2022\/03\/3301K-100-1.jpg","path":"\/home\/daithong\/public_html\/wp-content\/uploads\/2022\/03\/3301K-100-1.jpg","size":"full","id":4751,"alt":"","pixels":4000000,"type":"image\/jpeg"}],"twitter_card":"summary_large_image","twitter_misc":{"Est. reading time":"1 minute"},"schema":{"@context":"https:\/\/schema.org","@graph":[{"@type":"WebSite","@id":"https:\/\/lienhop.vn\/#website","url":"https:\/\/lienhop.vn\/","name":"Li\u00ean H\u1ee3p","description":"Chuy\u00ean cung c\u1ea5p c\u00e1c s\u1ea3n ph\u1ea9m ch\u0103m s\u00f3c xe 3M","potentialAction":[{"@type":"SearchAction","target":{"@type":"EntryPoint","urlTemplate":"https:\/\/lienhop.vn\/?s={search_term_string}"},"query-input":"required name=search_term_string"}],"inLanguage":"en-US"},{"@type":"ImageObject","@id":"https:\/\/lienhop.vn\/bao-ho-lao-dong\/phin-loc-hoi-huu-co-3m-3301k-100-organic-vapor-cartridge\/#primaryimage","inLanguage":"en-US","url":"https:\/\/lienhop.vn\/wp-content\/uploads\/2022\/03\/3301K-100-1.jpg","contentUrl":"https:\/\/lienhop.vn\/wp-content\/uploads\/2022\/03\/3301K-100-1.jpg","width":2000,"height":2000},{"@type":"WebPage","@id":"https:\/\/lienhop.vn\/bao-ho-lao-dong\/phin-loc-hoi-huu-co-3m-3301k-100-organic-vapor-cartridge\/#webpage","url":"https:\/\/lienhop.vn\/bao-ho-lao-dong\/phin-loc-hoi-huu-co-3m-3301k-100-organic-vapor-cartridge\/","name":"Phin l\u1ecdc h\u01a1i h\u1eefu c\u01a1 3M\u2122 3301K-100 Organic Vapor Cartridge - Li\u00ean H\u1ee3p","isPartOf":{"@id":"https:\/\/lienhop.vn\/#website"},"primaryImageOfPage":{"@id":"https:\/\/lienhop.vn\/bao-ho-lao-dong\/phin-loc-hoi-huu-co-3m-3301k-100-organic-vapor-cartridge\/#primaryimage"},"datePublished":"2022-03-18T08:39:47+00:00","dateModified":"2022-03-18T08:47:20+00:00","breadcrumb":{"@id":"https:\/\/lienhop.vn\/bao-ho-lao-dong\/phin-loc-hoi-huu-co-3m-3301k-100-organic-vapor-cartridge\/#breadcrumb"},"inLanguage":"en-US","potentialAction":[{"@type":"ReadAction","target":["https:\/\/lienhop.vn\/bao-ho-lao-dong\/phin-loc-hoi-huu-co-3m-3301k-100-organic-vapor-cartridge\/"]}]},{"@type":"BreadcrumbList","@id":"https:\/\/lienhop.vn\/bao-ho-lao-dong\/phin-loc-hoi-huu-co-3m-3301k-100-organic-vapor-cartridge\/#breadcrumb","itemListElement":[{"@type":"ListItem","position":1,"name":"Trang ch\u1ee7","item":"https:\/\/lienhop.vn\/"},{"@type":"ListItem","position":2,"name":"S\u1ea3n ph\u1ea9m","item":"https:\/\/lienhop.vn\/san-pham\/"},{"@type":"ListItem","position":3,"name":"Phin l\u1ecdc h\u01a1i h\u1eefu c\u01a1 3M\u2122 3301K-100 Organic Vapor Cartridge"}]}]}},"_links":{"self":[{"href":"https:\/\/lienhop.vn\/en\/wp-json\/wp\/v2\/product\/4750","targetHints":{"allow":["GET"]}}],"collection":[{"href":"https:\/\/lienhop.vn\/en\/wp-json\/wp\/v2\/product"}],"about":[{"href":"https:\/\/lienhop.vn\/en\/wp-json\/wp\/v2\/types\/product"}],"wp:featuredmedia":[{"embeddable":true,"href":"https:\/\/lienhop.vn\/en\/wp-json\/wp\/v2\/media\/4751"}],"wp:attachment":[{"href":"https:\/\/lienhop.vn\/en\/wp-json\/wp\/v2\/media?parent=4750"}],"wp:term":[{"taxonomy":"product_cat","embeddable":true,"href":"https:\/\/lienhop.vn\/en\/wp-json\/wp\/v2\/product_cat?post=4750"},{"taxonomy":"product_tag","embeddable":true,"href":"https:\/\/lienhop.vn\/en\/wp-json\/wp\/v2\/product_tag?post=4750"}],"curies":[{"name":"wp","href":"https:\/\/api.w.org\/{rel}","templated":true}]}}