{"id":3934,"date":"2022-02-25T13:04:41","date_gmt":"2022-02-25T06:04:41","guid":{"rendered":"https:\/\/lienhop.vn\/?post_type=product&#038;p=3934"},"modified":"2022-07-14T04:18:31","modified_gmt":"2022-07-13T21:18:31","slug":"kem-tay-can-canxi-o-moc-vay-ca-3m-creme-cleanser-946ml","status":"publish","type":"product","link":"https:\/\/lienhop.vn\/en\/cham-soc-xe\/kem-tay-can-canxi-o-moc-vay-ca-3m-creme-cleanser-946ml\/","title":{"rendered":"Kem t\u1ea9y c\u1eb7n canxi, \u1ed1 m\u1ed1c, v\u1ea9y c\u00e1 3M\u2122 Creme Cleanser 946ml"},"content":{"rendered":"<ul>\n<li>Lo\u1ea1i b\u1ecf c\u1eb7n canxi do n\u01b0\u1edbc c\u1ee9ng \u0111\u1ec3 l\u1ea1i tr\u00ean k\u00ednh.<\/li>\n<li>M\u1eb7t k\u00ednh \u0111\u00e3 qua x\u1eed l\u00fd s\u00e1ng b\u00f3ng\u00a0kh\u00f4ng t\u1ea1o v\u1ec7<\/li>\n<li>Kh\u00f4ng ch\u1ee9a Phosphat,an to\u00e0n cho da tay.<\/li>\n<\/ul>","protected":false},"excerpt":{"rendered":"<ul>\n<li>Th\u1eddi h\u1ea1n s\u1eed d\u1ee5ng: \u2026 n\u0103m k\u1ec3 t\u1eeb ng\u00e0y s\u1ea3n xu\u1ea5t<\/li>\n<li>Xu\u1ea5t x\u1ee9: USA<\/li>\n<li>Dung t\u00edch: 946ml<\/li>\n<li>Ki\u1ec3u d\u00e1ng: Chai nh\u1ef1a<\/li>\n<li>Ph\u1ea1m vi s\u1eed d\u1ee5ng: K\u00ednh, b\u1ec1 m\u1eb7t th\u00e9p kh\u00f4ng g\u1ec9, g\u1ed1m s\u1ee9, inox<\/li>\n<li>Th\u1eddi gian khuy\u1ebfn ngh\u1ecb s\u1eed d\u1ee5ng s\u1ea3n ph\u1ea9m: S\u1eed d\u1ee5ng khi c\u1ea7n thi\u1ebft<\/li>\n<li><\/li>\n<\/ul>","protected":false},"featured_media":3935,"template":"","meta":{"inline_featured_image":false},"product_cat":[441],"product_tag":[109,119],"class_list":["post-3934","product","type-product","status-publish","has-post-thumbnail","hentry","product-brand-3m","product_cat-cham-soc-xe","product_tag-3m","product_tag-cham-soc-xe"],"yoast_head":"<!-- This site is optimized with the Yoast SEO Premium plugin v17.2 (Yoast SEO v17.2) - https:\/\/yoast.com\/wordpress\/plugins\/seo\/ -->\n<title>Kem t\u1ea9y c\u1eb7n canxi, \u1ed1 m\u1ed1c, v\u1ea9y c\u00e1 3M\u2122 Creme Cleanser 946ml - Li\u00ean H\u1ee3p<\/title>\n<meta name=\"robots\" content=\"index, follow, max-snippet:-1, max-image-preview:large, max-video-preview:-1\" \/>\n<link rel=\"canonical\" href=\"https:\/\/lienhop.vn\/en\/cham-soc-xe\/kem-tay-can-canxi-o-moc-vay-ca-3m-creme-cleanser-946ml\/\" \/>\n<meta property=\"og:locale\" content=\"en_US\" \/>\n<meta property=\"og:type\" content=\"article\" \/>\n<meta property=\"og:title\" content=\"Kem t\u1ea9y c\u1eb7n canxi, \u1ed1 m\u1ed1c, v\u1ea9y c\u00e1 3M\u2122 Creme Cleanser 946ml\" \/>\n<meta property=\"og:description\" content=\"Th\u1eddi h\u1ea1n s\u1eed d\u1ee5ng: \u2026 n\u0103m k\u1ec3 t\u1eeb ng\u00e0y s\u1ea3n xu\u1ea5t  Xu\u1ea5t x\u1ee9: USA  Dung t\u00edch: 946ml  Ki\u1ec3u d\u00e1ng: Chai nh\u1ef1a  Ph\u1ea1m vi s\u1eed d\u1ee5ng: K\u00ednh, b\u1ec1 m\u1eb7t th\u00e9p kh\u00f4ng g\u1ec9, g\u1ed1m s\u1ee9, inox  Th\u1eddi gian khuy\u1ebfn ngh\u1ecb s\u1eed d\u1ee5ng s\u1ea3n ph\u1ea9m: S\u1eed d\u1ee5ng khi c\u1ea7n thi\u1ebft\" \/>\n<meta property=\"og:url\" content=\"https:\/\/lienhop.vn\/en\/cham-soc-xe\/kem-tay-can-canxi-o-moc-vay-ca-3m-creme-cleanser-946ml\/\" \/>\n<meta property=\"og:site_name\" content=\"Li\u00ean H\u1ee3p\" \/>\n<meta property=\"article:modified_time\" content=\"2022-07-13T21:18:31+00:00\" \/>\n<meta property=\"og:image\" content=\"https:\/\/lienhop.vn\/wp-content\/uploads\/2022\/02\/Creme-Cleanser-1.jpg\" \/>\n\t<meta property=\"og:image:width\" content=\"2000\" \/>\n\t<meta property=\"og:image:height\" content=\"2000\" \/>\n<meta name=\"twitter:card\" content=\"summary_large_image\" \/>\n<meta name=\"twitter:label1\" content=\"Est. reading time\" \/>\n\t<meta name=\"twitter:data1\" content=\"1 minute\" \/>\n<script type=\"application\/ld+json\" class=\"yoast-schema-graph\">{\"@context\":\"https:\/\/schema.org\",\"@graph\":[{\"@type\":\"WebSite\",\"@id\":\"https:\/\/lienhop.vn\/#website\",\"url\":\"https:\/\/lienhop.vn\/\",\"name\":\"Li\\u00ean H\\u1ee3p\",\"description\":\"Chuy\\u00ean cung c\\u1ea5p c\\u00e1c s\\u1ea3n ph\\u1ea9m ch\\u0103m s\\u00f3c xe 3M\",\"potentialAction\":[{\"@type\":\"SearchAction\",\"target\":{\"@type\":\"EntryPoint\",\"urlTemplate\":\"https:\/\/lienhop.vn\/?s={search_term_string}\"},\"query-input\":\"required name=search_term_string\"}],\"inLanguage\":\"en-US\"},{\"@type\":\"ImageObject\",\"@id\":\"https:\/\/lienhop.vn\/cham-soc-xe\/kem-tay-can-canxi-o-moc-vay-ca-3m-creme-cleanser-946ml\/#primaryimage\",\"inLanguage\":\"en-US\",\"url\":\"https:\/\/lienhop.vn\/wp-content\/uploads\/2022\/02\/Creme-Cleanser-1.jpg\",\"contentUrl\":\"https:\/\/lienhop.vn\/wp-content\/uploads\/2022\/02\/Creme-Cleanser-1.jpg\",\"width\":2000,\"height\":2000},{\"@type\":\"WebPage\",\"@id\":\"https:\/\/lienhop.vn\/cham-soc-xe\/kem-tay-can-canxi-o-moc-vay-ca-3m-creme-cleanser-946ml\/#webpage\",\"url\":\"https:\/\/lienhop.vn\/cham-soc-xe\/kem-tay-can-canxi-o-moc-vay-ca-3m-creme-cleanser-946ml\/\",\"name\":\"Kem t\\u1ea9y c\\u1eb7n canxi, \\u1ed1 m\\u1ed1c, v\\u1ea9y c\\u00e1 3M\\u2122 Creme Cleanser 946ml - Li\\u00ean H\\u1ee3p\",\"isPartOf\":{\"@id\":\"https:\/\/lienhop.vn\/#website\"},\"primaryImageOfPage\":{\"@id\":\"https:\/\/lienhop.vn\/cham-soc-xe\/kem-tay-can-canxi-o-moc-vay-ca-3m-creme-cleanser-946ml\/#primaryimage\"},\"datePublished\":\"2022-02-25T06:04:41+00:00\",\"dateModified\":\"2022-07-13T21:18:31+00:00\",\"breadcrumb\":{\"@id\":\"https:\/\/lienhop.vn\/cham-soc-xe\/kem-tay-can-canxi-o-moc-vay-ca-3m-creme-cleanser-946ml\/#breadcrumb\"},\"inLanguage\":\"en-US\",\"potentialAction\":[{\"@type\":\"ReadAction\",\"target\":[\"https:\/\/lienhop.vn\/cham-soc-xe\/kem-tay-can-canxi-o-moc-vay-ca-3m-creme-cleanser-946ml\/\"]}]},{\"@type\":\"BreadcrumbList\",\"@id\":\"https:\/\/lienhop.vn\/cham-soc-xe\/kem-tay-can-canxi-o-moc-vay-ca-3m-creme-cleanser-946ml\/#breadcrumb\",\"itemListElement\":[{\"@type\":\"ListItem\",\"position\":1,\"name\":\"Trang ch\\u1ee7\",\"item\":\"https:\/\/lienhop.vn\/\"},{\"@type\":\"ListItem\",\"position\":2,\"name\":\"S\\u1ea3n ph\\u1ea9m\",\"item\":\"https:\/\/lienhop.vn\/san-pham\/\"},{\"@type\":\"ListItem\",\"position\":3,\"name\":\"Kem t\\u1ea9y c\\u1eb7n canxi, \\u1ed1 m\\u1ed1c, v\\u1ea9y c\\u00e1 3M\\u2122 Creme Cleanser 946ml\"}]}]}<\/script>\n<!-- \/ Yoast SEO Premium plugin. -->","yoast_head_json":{"title":"Kem t\u1ea9y c\u1eb7n canxi, \u1ed1 m\u1ed1c, v\u1ea9y c\u00e1 3M\u2122 Creme Cleanser 946ml - Li\u00ean H\u1ee3p","robots":{"index":"index","follow":"follow","max-snippet":"max-snippet:-1","max-image-preview":"max-image-preview:large","max-video-preview":"max-video-preview:-1"},"canonical":"https:\/\/lienhop.vn\/en\/cham-soc-xe\/kem-tay-can-canxi-o-moc-vay-ca-3m-creme-cleanser-946ml\/","og_locale":"en_US","og_type":"article","og_title":"Kem t\u1ea9y c\u1eb7n canxi, \u1ed1 m\u1ed1c, v\u1ea9y c\u00e1 3M\u2122 Creme Cleanser 946ml","og_description":"Th\u1eddi h\u1ea1n s\u1eed d\u1ee5ng: \u2026 n\u0103m k\u1ec3 t\u1eeb ng\u00e0y s\u1ea3n xu\u1ea5t  Xu\u1ea5t x\u1ee9: USA  Dung t\u00edch: 946ml  Ki\u1ec3u d\u00e1ng: Chai nh\u1ef1a  Ph\u1ea1m vi s\u1eed d\u1ee5ng: K\u00ednh, b\u1ec1 m\u1eb7t th\u00e9p kh\u00f4ng g\u1ec9, g\u1ed1m s\u1ee9, inox  Th\u1eddi gian khuy\u1ebfn ngh\u1ecb s\u1eed d\u1ee5ng s\u1ea3n ph\u1ea9m: S\u1eed d\u1ee5ng khi c\u1ea7n thi\u1ebft","og_url":"https:\/\/lienhop.vn\/en\/cham-soc-xe\/kem-tay-can-canxi-o-moc-vay-ca-3m-creme-cleanser-946ml\/","og_site_name":"Li\u00ean H\u1ee3p","article_modified_time":"2022-07-13T21:18:31+00:00","og_image":[{"width":2000,"height":2000,"url":"https:\/\/lienhop.vn\/wp-content\/uploads\/2022\/02\/Creme-Cleanser-1.jpg","path":"\/home\/daithong\/public_html\/wp-content\/uploads\/2022\/02\/Creme-Cleanser-1.jpg","size":"full","id":3935,"alt":"","pixels":4000000,"type":"image\/jpeg"}],"twitter_card":"summary_large_image","twitter_misc":{"Est. reading time":"1 minute"},"schema":{"@context":"https:\/\/schema.org","@graph":[{"@type":"WebSite","@id":"https:\/\/lienhop.vn\/#website","url":"https:\/\/lienhop.vn\/","name":"Li\u00ean H\u1ee3p","description":"Chuy\u00ean cung c\u1ea5p c\u00e1c s\u1ea3n ph\u1ea9m ch\u0103m s\u00f3c xe 3M","potentialAction":[{"@type":"SearchAction","target":{"@type":"EntryPoint","urlTemplate":"https:\/\/lienhop.vn\/?s={search_term_string}"},"query-input":"required name=search_term_string"}],"inLanguage":"en-US"},{"@type":"ImageObject","@id":"https:\/\/lienhop.vn\/cham-soc-xe\/kem-tay-can-canxi-o-moc-vay-ca-3m-creme-cleanser-946ml\/#primaryimage","inLanguage":"en-US","url":"https:\/\/lienhop.vn\/wp-content\/uploads\/2022\/02\/Creme-Cleanser-1.jpg","contentUrl":"https:\/\/lienhop.vn\/wp-content\/uploads\/2022\/02\/Creme-Cleanser-1.jpg","width":2000,"height":2000},{"@type":"WebPage","@id":"https:\/\/lienhop.vn\/cham-soc-xe\/kem-tay-can-canxi-o-moc-vay-ca-3m-creme-cleanser-946ml\/#webpage","url":"https:\/\/lienhop.vn\/cham-soc-xe\/kem-tay-can-canxi-o-moc-vay-ca-3m-creme-cleanser-946ml\/","name":"Kem t\u1ea9y c\u1eb7n canxi, \u1ed1 m\u1ed1c, v\u1ea9y c\u00e1 3M\u2122 Creme Cleanser 946ml - Li\u00ean H\u1ee3p","isPartOf":{"@id":"https:\/\/lienhop.vn\/#website"},"primaryImageOfPage":{"@id":"https:\/\/lienhop.vn\/cham-soc-xe\/kem-tay-can-canxi-o-moc-vay-ca-3m-creme-cleanser-946ml\/#primaryimage"},"datePublished":"2022-02-25T06:04:41+00:00","dateModified":"2022-07-13T21:18:31+00:00","breadcrumb":{"@id":"https:\/\/lienhop.vn\/cham-soc-xe\/kem-tay-can-canxi-o-moc-vay-ca-3m-creme-cleanser-946ml\/#breadcrumb"},"inLanguage":"en-US","potentialAction":[{"@type":"ReadAction","target":["https:\/\/lienhop.vn\/cham-soc-xe\/kem-tay-can-canxi-o-moc-vay-ca-3m-creme-cleanser-946ml\/"]}]},{"@type":"BreadcrumbList","@id":"https:\/\/lienhop.vn\/cham-soc-xe\/kem-tay-can-canxi-o-moc-vay-ca-3m-creme-cleanser-946ml\/#breadcrumb","itemListElement":[{"@type":"ListItem","position":1,"name":"Trang ch\u1ee7","item":"https:\/\/lienhop.vn\/"},{"@type":"ListItem","position":2,"name":"S\u1ea3n ph\u1ea9m","item":"https:\/\/lienhop.vn\/san-pham\/"},{"@type":"ListItem","position":3,"name":"Kem t\u1ea9y c\u1eb7n canxi, \u1ed1 m\u1ed1c, v\u1ea9y c\u00e1 3M\u2122 Creme Cleanser 946ml"}]}]}},"_links":{"self":[{"href":"https:\/\/lienhop.vn\/en\/wp-json\/wp\/v2\/product\/3934","targetHints":{"allow":["GET"]}}],"collection":[{"href":"https:\/\/lienhop.vn\/en\/wp-json\/wp\/v2\/product"}],"about":[{"href":"https:\/\/lienhop.vn\/en\/wp-json\/wp\/v2\/types\/product"}],"wp:featuredmedia":[{"embeddable":true,"href":"https:\/\/lienhop.vn\/en\/wp-json\/wp\/v2\/media\/3935"}],"wp:attachment":[{"href":"https:\/\/lienhop.vn\/en\/wp-json\/wp\/v2\/media?parent=3934"}],"wp:term":[{"taxonomy":"product_cat","embeddable":true,"href":"https:\/\/lienhop.vn\/en\/wp-json\/wp\/v2\/product_cat?post=3934"},{"taxonomy":"product_tag","embeddable":true,"href":"https:\/\/lienhop.vn\/en\/wp-json\/wp\/v2\/product_tag?post=3934"}],"curies":[{"name":"wp","href":"https:\/\/api.w.org\/{rel}","templated":true}]}}