{"id":3914,"date":"2022-02-25T10:38:53","date_gmt":"2022-02-25T03:38:53","guid":{"rendered":"https:\/\/lienhop.vn\/?post_type=product&#038;p=3914"},"modified":"2022-07-14T11:31:51","modified_gmt":"2022-07-14T04:31:51","slug":"dung-dich-ve-sinh-gian-lanh-3m-89227-air-conditioner-cleaner-foam-250g","status":"publish","type":"product","link":"https:\/\/lienhop.vn\/en\/cham-soc-xe\/dung-dich-ve-sinh-gian-lanh-3m-89227-air-conditioner-cleaner-foam-250g\/","title":{"rendered":"Dung d\u1ecbch v\u1ec7 sinh gi\u00e0n l\u1ea1nh 3M\u2122 89227 Air Conditioner Cleaner Foam 250g"},"content":{"rendered":"<ul>\n<li>L\u00e0m s\u1ea1ch b\u1ee5i b\u1ea9n v\u00e0 kh\u1eed m\u00f9i h\u1ec7 th\u1ed1ng \u0111i\u1ec1u h\u00f2a tr\u00ean xe \u00f4 t\u00f4.<\/li>\n<li>D\u1ec5 s\u1eed d\u1ee5ng, ti\u1ebft ki\u1ec7m chi ph\u00ed v\u00e0 th\u1eddi gian.<\/li>\n<li>Th\u00e0nh ph\u1ea7n: n\u01b0\u1edbc, kh\u00ed ho\u00e1 l\u1ecfng, tinh d\u1ea7u cam, h\u1ee3p ch\u1ea5t Cacbon Terpenes, ch\u1ea5t t\u1ea1o nh\u0169 t\u01b0\u01a1ng.<\/li>\n<\/ul>","protected":false},"excerpt":{"rendered":"<ul>\n<li>Th\u1eddi h\u1ea1n s\u1eed d\u1ee5ng: 02 n\u0103m k\u1ec3 t\u1eeb ng\u00e0y s\u1ea3n xu\u1ea5t<\/li>\n<li>Xu\u1ea5t x\u1ee9: India<\/li>\n<li>Tr\u1ecdng l\u01b0\u1ee3ng: 250 gram<\/li>\n<li>Ki\u1ec3u d\u00e1ng: B\u00ecnh x\u1ecbt kim lo\u1ea1i c\u00f3 \u1ed1ng d\u1eabn<\/li>\n<li>Ph\u1ea1m vi s\u1eed d\u1ee5ng: Gi\u00e0n l\u1ea1nh xe \u00f4 t\u00f4<\/li>\n<li>Th\u1eddi gian khuy\u1ebfn ngh\u1ecb s\u1eed d\u1ee5ng s\u1ea3n ph\u1ea9m: \u2026.<\/li>\n<li><\/li>\n<\/ul>","protected":false},"featured_media":8822,"template":"","meta":{"inline_featured_image":false},"product_cat":[441],"product_tag":[109,161,119],"class_list":["post-3914","product","type-product","status-publish","has-post-thumbnail","hentry","product-brand-3m","product_cat-cham-soc-xe","product_tag-3m","product_tag-161","product_tag-cham-soc-xe"],"yoast_head":"<!-- This site is optimized with the Yoast SEO Premium plugin v17.2 (Yoast SEO v17.2) - https:\/\/yoast.com\/wordpress\/plugins\/seo\/ -->\n<title>Dung d\u1ecbch v\u1ec7 sinh gi\u00e0n l\u1ea1nh 3M\u2122 89227 Air Conditioner Cleaner Foam 250g - Li\u00ean H\u1ee3p<\/title>\n<meta name=\"robots\" content=\"index, follow, max-snippet:-1, max-image-preview:large, max-video-preview:-1\" \/>\n<link rel=\"canonical\" href=\"https:\/\/lienhop.vn\/en\/cham-soc-xe\/dung-dich-ve-sinh-gian-lanh-3m-89227-air-conditioner-cleaner-foam-250g\/\" \/>\n<meta property=\"og:locale\" content=\"en_US\" \/>\n<meta property=\"og:type\" content=\"article\" \/>\n<meta property=\"og:title\" content=\"Dung d\u1ecbch v\u1ec7 sinh gi\u00e0n l\u1ea1nh 3M\u2122 89227 Air Conditioner Cleaner Foam 250g\" \/>\n<meta property=\"og:description\" content=\"Th\u1eddi h\u1ea1n s\u1eed d\u1ee5ng: 02 n\u0103m k\u1ec3 t\u1eeb ng\u00e0y s\u1ea3n xu\u1ea5t  Xu\u1ea5t x\u1ee9: India  Tr\u1ecdng l\u01b0\u1ee3ng: 250 gram  Ki\u1ec3u d\u00e1ng: B\u00ecnh x\u1ecbt kim lo\u1ea1i c\u00f3 \u1ed1ng d\u1eabn  Ph\u1ea1m vi s\u1eed d\u1ee5ng: Gi\u00e0n l\u1ea1nh xe \u00f4 t\u00f4  Th\u1eddi gian khuy\u1ebfn ngh\u1ecb s\u1eed d\u1ee5ng s\u1ea3n ph\u1ea9m: \u2026.\" \/>\n<meta property=\"og:url\" content=\"https:\/\/lienhop.vn\/en\/cham-soc-xe\/dung-dich-ve-sinh-gian-lanh-3m-89227-air-conditioner-cleaner-foam-250g\/\" \/>\n<meta property=\"og:site_name\" content=\"Li\u00ean H\u1ee3p\" \/>\n<meta property=\"article:modified_time\" content=\"2022-07-14T04:31:51+00:00\" \/>\n<meta property=\"og:image\" content=\"https:\/\/lienhop.vn\/wp-content\/uploads\/2022\/02\/89227-4-1.png\" \/>\n\t<meta property=\"og:image:width\" content=\"2000\" \/>\n\t<meta property=\"og:image:height\" content=\"2000\" \/>\n<meta name=\"twitter:card\" content=\"summary_large_image\" \/>\n<meta name=\"twitter:label1\" content=\"Est. reading time\" \/>\n\t<meta name=\"twitter:data1\" content=\"1 minute\" \/>\n<script type=\"application\/ld+json\" class=\"yoast-schema-graph\">{\"@context\":\"https:\/\/schema.org\",\"@graph\":[{\"@type\":\"WebSite\",\"@id\":\"https:\/\/lienhop.vn\/#website\",\"url\":\"https:\/\/lienhop.vn\/\",\"name\":\"Li\\u00ean H\\u1ee3p\",\"description\":\"Chuy\\u00ean cung c\\u1ea5p c\\u00e1c s\\u1ea3n ph\\u1ea9m ch\\u0103m s\\u00f3c xe 3M\",\"potentialAction\":[{\"@type\":\"SearchAction\",\"target\":{\"@type\":\"EntryPoint\",\"urlTemplate\":\"https:\/\/lienhop.vn\/?s={search_term_string}\"},\"query-input\":\"required name=search_term_string\"}],\"inLanguage\":\"en-US\"},{\"@type\":\"ImageObject\",\"@id\":\"https:\/\/lienhop.vn\/cham-soc-xe\/dung-dich-ve-sinh-gian-lanh-3m-89227-air-conditioner-cleaner-foam-250g\/#primaryimage\",\"inLanguage\":\"en-US\",\"url\":\"https:\/\/lienhop.vn\/wp-content\/uploads\/2022\/02\/89227-4-1.png\",\"contentUrl\":\"https:\/\/lienhop.vn\/wp-content\/uploads\/2022\/02\/89227-4-1.png\",\"width\":2000,\"height\":2000},{\"@type\":\"WebPage\",\"@id\":\"https:\/\/lienhop.vn\/cham-soc-xe\/dung-dich-ve-sinh-gian-lanh-3m-89227-air-conditioner-cleaner-foam-250g\/#webpage\",\"url\":\"https:\/\/lienhop.vn\/cham-soc-xe\/dung-dich-ve-sinh-gian-lanh-3m-89227-air-conditioner-cleaner-foam-250g\/\",\"name\":\"Dung d\\u1ecbch v\\u1ec7 sinh gi\\u00e0n l\\u1ea1nh 3M\\u2122 89227 Air Conditioner Cleaner Foam 250g - Li\\u00ean H\\u1ee3p\",\"isPartOf\":{\"@id\":\"https:\/\/lienhop.vn\/#website\"},\"primaryImageOfPage\":{\"@id\":\"https:\/\/lienhop.vn\/cham-soc-xe\/dung-dich-ve-sinh-gian-lanh-3m-89227-air-conditioner-cleaner-foam-250g\/#primaryimage\"},\"datePublished\":\"2022-02-25T03:38:53+00:00\",\"dateModified\":\"2022-07-14T04:31:51+00:00\",\"breadcrumb\":{\"@id\":\"https:\/\/lienhop.vn\/cham-soc-xe\/dung-dich-ve-sinh-gian-lanh-3m-89227-air-conditioner-cleaner-foam-250g\/#breadcrumb\"},\"inLanguage\":\"en-US\",\"potentialAction\":[{\"@type\":\"ReadAction\",\"target\":[\"https:\/\/lienhop.vn\/cham-soc-xe\/dung-dich-ve-sinh-gian-lanh-3m-89227-air-conditioner-cleaner-foam-250g\/\"]}]},{\"@type\":\"BreadcrumbList\",\"@id\":\"https:\/\/lienhop.vn\/cham-soc-xe\/dung-dich-ve-sinh-gian-lanh-3m-89227-air-conditioner-cleaner-foam-250g\/#breadcrumb\",\"itemListElement\":[{\"@type\":\"ListItem\",\"position\":1,\"name\":\"Trang ch\\u1ee7\",\"item\":\"https:\/\/lienhop.vn\/\"},{\"@type\":\"ListItem\",\"position\":2,\"name\":\"S\\u1ea3n ph\\u1ea9m\",\"item\":\"https:\/\/lienhop.vn\/san-pham\/\"},{\"@type\":\"ListItem\",\"position\":3,\"name\":\"Dung d\\u1ecbch v\\u1ec7 sinh gi\\u00e0n l\\u1ea1nh 3M\\u2122 89227 Air Conditioner Cleaner Foam 250g\"}]}]}<\/script>\n<!-- \/ Yoast SEO Premium plugin. -->","yoast_head_json":{"title":"Dung d\u1ecbch v\u1ec7 sinh gi\u00e0n l\u1ea1nh 3M\u2122 89227 Air Conditioner Cleaner Foam 250g - Li\u00ean H\u1ee3p","robots":{"index":"index","follow":"follow","max-snippet":"max-snippet:-1","max-image-preview":"max-image-preview:large","max-video-preview":"max-video-preview:-1"},"canonical":"https:\/\/lienhop.vn\/en\/cham-soc-xe\/dung-dich-ve-sinh-gian-lanh-3m-89227-air-conditioner-cleaner-foam-250g\/","og_locale":"en_US","og_type":"article","og_title":"Dung d\u1ecbch v\u1ec7 sinh gi\u00e0n l\u1ea1nh 3M\u2122 89227 Air Conditioner Cleaner Foam 250g","og_description":"Th\u1eddi h\u1ea1n s\u1eed d\u1ee5ng: 02 n\u0103m k\u1ec3 t\u1eeb ng\u00e0y s\u1ea3n xu\u1ea5t  Xu\u1ea5t x\u1ee9: India  Tr\u1ecdng l\u01b0\u1ee3ng: 250 gram  Ki\u1ec3u d\u00e1ng: B\u00ecnh x\u1ecbt kim lo\u1ea1i c\u00f3 \u1ed1ng d\u1eabn  Ph\u1ea1m vi s\u1eed d\u1ee5ng: Gi\u00e0n l\u1ea1nh xe \u00f4 t\u00f4  Th\u1eddi gian khuy\u1ebfn ngh\u1ecb s\u1eed d\u1ee5ng s\u1ea3n ph\u1ea9m: \u2026.","og_url":"https:\/\/lienhop.vn\/en\/cham-soc-xe\/dung-dich-ve-sinh-gian-lanh-3m-89227-air-conditioner-cleaner-foam-250g\/","og_site_name":"Li\u00ean H\u1ee3p","article_modified_time":"2022-07-14T04:31:51+00:00","og_image":[{"width":2000,"height":2000,"filesize":413067,"url":"https:\/\/lienhop.vn\/wp-content\/uploads\/2022\/02\/89227-4-1.png","path":"\/home\/dai57188\/public_html\/lienhop.vn\/wp-content\/uploads\/2022\/02\/89227-4-1.png","size":"full","id":8822,"alt":"","pixels":4000000,"type":"image\/png"}],"twitter_card":"summary_large_image","twitter_misc":{"Est. reading time":"1 minute"},"schema":{"@context":"https:\/\/schema.org","@graph":[{"@type":"WebSite","@id":"https:\/\/lienhop.vn\/#website","url":"https:\/\/lienhop.vn\/","name":"Li\u00ean H\u1ee3p","description":"Chuy\u00ean cung c\u1ea5p c\u00e1c s\u1ea3n ph\u1ea9m ch\u0103m s\u00f3c xe 3M","potentialAction":[{"@type":"SearchAction","target":{"@type":"EntryPoint","urlTemplate":"https:\/\/lienhop.vn\/?s={search_term_string}"},"query-input":"required name=search_term_string"}],"inLanguage":"en-US"},{"@type":"ImageObject","@id":"https:\/\/lienhop.vn\/cham-soc-xe\/dung-dich-ve-sinh-gian-lanh-3m-89227-air-conditioner-cleaner-foam-250g\/#primaryimage","inLanguage":"en-US","url":"https:\/\/lienhop.vn\/wp-content\/uploads\/2022\/02\/89227-4-1.png","contentUrl":"https:\/\/lienhop.vn\/wp-content\/uploads\/2022\/02\/89227-4-1.png","width":2000,"height":2000},{"@type":"WebPage","@id":"https:\/\/lienhop.vn\/cham-soc-xe\/dung-dich-ve-sinh-gian-lanh-3m-89227-air-conditioner-cleaner-foam-250g\/#webpage","url":"https:\/\/lienhop.vn\/cham-soc-xe\/dung-dich-ve-sinh-gian-lanh-3m-89227-air-conditioner-cleaner-foam-250g\/","name":"Dung d\u1ecbch v\u1ec7 sinh gi\u00e0n l\u1ea1nh 3M\u2122 89227 Air Conditioner Cleaner Foam 250g - Li\u00ean H\u1ee3p","isPartOf":{"@id":"https:\/\/lienhop.vn\/#website"},"primaryImageOfPage":{"@id":"https:\/\/lienhop.vn\/cham-soc-xe\/dung-dich-ve-sinh-gian-lanh-3m-89227-air-conditioner-cleaner-foam-250g\/#primaryimage"},"datePublished":"2022-02-25T03:38:53+00:00","dateModified":"2022-07-14T04:31:51+00:00","breadcrumb":{"@id":"https:\/\/lienhop.vn\/cham-soc-xe\/dung-dich-ve-sinh-gian-lanh-3m-89227-air-conditioner-cleaner-foam-250g\/#breadcrumb"},"inLanguage":"en-US","potentialAction":[{"@type":"ReadAction","target":["https:\/\/lienhop.vn\/cham-soc-xe\/dung-dich-ve-sinh-gian-lanh-3m-89227-air-conditioner-cleaner-foam-250g\/"]}]},{"@type":"BreadcrumbList","@id":"https:\/\/lienhop.vn\/cham-soc-xe\/dung-dich-ve-sinh-gian-lanh-3m-89227-air-conditioner-cleaner-foam-250g\/#breadcrumb","itemListElement":[{"@type":"ListItem","position":1,"name":"Trang ch\u1ee7","item":"https:\/\/lienhop.vn\/"},{"@type":"ListItem","position":2,"name":"S\u1ea3n ph\u1ea9m","item":"https:\/\/lienhop.vn\/san-pham\/"},{"@type":"ListItem","position":3,"name":"Dung d\u1ecbch v\u1ec7 sinh gi\u00e0n l\u1ea1nh 3M\u2122 89227 Air Conditioner Cleaner Foam 250g"}]}]}},"_links":{"self":[{"href":"https:\/\/lienhop.vn\/en\/wp-json\/wp\/v2\/product\/3914","targetHints":{"allow":["GET"]}}],"collection":[{"href":"https:\/\/lienhop.vn\/en\/wp-json\/wp\/v2\/product"}],"about":[{"href":"https:\/\/lienhop.vn\/en\/wp-json\/wp\/v2\/types\/product"}],"wp:featuredmedia":[{"embeddable":true,"href":"https:\/\/lienhop.vn\/en\/wp-json\/wp\/v2\/media\/8822"}],"wp:attachment":[{"href":"https:\/\/lienhop.vn\/en\/wp-json\/wp\/v2\/media?parent=3914"}],"wp:term":[{"taxonomy":"product_cat","embeddable":true,"href":"https:\/\/lienhop.vn\/en\/wp-json\/wp\/v2\/product_cat?post=3914"},{"taxonomy":"product_tag","embeddable":true,"href":"https:\/\/lienhop.vn\/en\/wp-json\/wp\/v2\/product_tag?post=3914"}],"curies":[{"name":"wp","href":"https:\/\/api.w.org\/{rel}","templated":true}]}}