{"id":3885,"date":"2022-02-25T09:28:56","date_gmt":"2022-02-25T02:28:56","guid":{"rendered":"https:\/\/lienhop.vn\/?post_type=product&#038;p=3885"},"modified":"2022-07-14T04:17:21","modified_gmt":"2022-07-13T21:17:21","slug":"chai-xit-tang-cuong-do-bong-son-xe-o-to-3m-39034lt-gloss-enhancer-400ml","status":"publish","type":"product","link":"https:\/\/lienhop.vn\/en\/cham-soc-xe\/chai-xit-tang-cuong-do-bong-son-xe-o-to-3m-39034lt-gloss-enhancer-400ml\/","title":{"rendered":"Chai x\u1ecbt t\u0103ng c\u01b0\u1eddng \u0111\u1ed9 b\u00f3ng s\u01a1n xe \u00f4 t\u00f4 3M\u2122 39034LT Gloss Enhancer 400ml"},"content":{"rendered":"<ul>\n<li>Th\u00e0nh ph\u1ea7n t\u1eeb s\u00e1p Carnauba Wax gi\u00fap l\u00e0m kh\u00f4 nhanh, t\u0103ng c\u01b0\u1eddng v\u00e0 duy tr\u00ec v\u1ebb s\u00e1ng b\u00f3ng c\u1ee7a b\u1ec1 m\u1eb7t s\u01a1n xe \u00f4 t\u00f4, an to\u00e0n cho ng\u01b0\u1eddi s\u1eed d\u1ee5ng.<\/li>\n<li>\u1ee8ng d\u1ee5ng l\u00e0m s\u1ea1ch c\u00e1c v\u1ebft \u1ed1 m\u1edd.<\/li>\n<li>C\u00f3 th\u1ec3 \u1ee9ng d\u1ee5ng tr\u00ean b\u1ec1 m\u1eb7t s\u01a1n kh\u00f4 ho\u1eb7c \u01b0\u1edbt.<\/li>\n<li>Kh\u00f4ng t\u1ea1o v\u00ea\u0301t \u00f4\u0301 n\u01b0\u01a1\u0301c sau khi s\u1eed d\u1ee5ng.<\/li>\n<li>Chai x\u1ecbt ph\u1ee5n s\u01b0\u01a1ng ti\u1ec7n d\u1ee5ng, d\u1ec5 d\u00e0ng b\u1ea3o qu\u1ea3n ho\u1eb7c mang \u0111i.<\/li>\n<\/ul>","protected":false},"excerpt":{"rendered":"<ul>\n<li>Th\u1eddi h\u1ea1n s\u1eed d\u1ee5ng: \u2026\u2026\u2026.<\/li>\n<li>Xu\u1ea5t x\u1ee9: Th\u00e1i Lan<\/li>\n<li>Tr\u1ecdng l\u01b0\u1ee3ng: 400ml<\/li>\n<li>Ki\u1ec3u d\u00e1ng: Chai x\u1ecbt<\/li>\n<li>Ph\u1ea1m vi s\u1eed d\u1ee5ng: L\u1edbp s\u01a1n xe \u00f4 t\u00f4<\/li>\n<li>Th\u1eddi gian khuy\u1ebfn ngh\u1ecb s\u1eed d\u1ee5ng s\u1ea3n ph\u1ea9m: s\u1eed d\u1ee5ng h\u00e0ng ng\u00e0y, h\u00e0ng tu\u1ea7n ho\u1eb7c h\u00e0ng th\u00e1ng \u0111\u1ec3 gi\u1eef b\u1ec1 m\u1eb7t s\u01a1n lu\u00f4n s\u00e1ng b\u00f3ng.<\/li>\n<li><\/li>\n<\/ul>","protected":false},"featured_media":3886,"template":"","meta":{"inline_featured_image":false},"product_cat":[441],"product_tag":[156,109,119],"class_list":["post-3885","product","type-product","status-publish","has-post-thumbnail","hentry","product-brand-3m","product_cat-cham-soc-xe","product_tag-39034lt","product_tag-3m","product_tag-cham-soc-xe"],"yoast_head":"<!-- This site is optimized with the Yoast SEO Premium plugin v17.2 (Yoast SEO v17.2) - https:\/\/yoast.com\/wordpress\/plugins\/seo\/ -->\n<title>Chai x\u1ecbt t\u0103ng c\u01b0\u1eddng \u0111\u1ed9 b\u00f3ng s\u01a1n xe \u00f4 t\u00f4 3M\u2122 39034LT Gloss Enhancer 400ml - Li\u00ean H\u1ee3p<\/title>\n<meta name=\"robots\" content=\"index, follow, max-snippet:-1, max-image-preview:large, max-video-preview:-1\" \/>\n<link rel=\"canonical\" href=\"https:\/\/lienhop.vn\/en\/cham-soc-xe\/chai-xit-tang-cuong-do-bong-son-xe-o-to-3m-39034lt-gloss-enhancer-400ml\/\" \/>\n<meta property=\"og:locale\" content=\"en_US\" \/>\n<meta property=\"og:type\" content=\"article\" \/>\n<meta property=\"og:title\" content=\"Chai x\u1ecbt t\u0103ng c\u01b0\u1eddng \u0111\u1ed9 b\u00f3ng s\u01a1n xe \u00f4 t\u00f4 3M\u2122 39034LT Gloss Enhancer 400ml\" \/>\n<meta property=\"og:description\" content=\"Th\u1eddi h\u1ea1n s\u1eed d\u1ee5ng: \u2026\u2026\u2026.  Xu\u1ea5t x\u1ee9: Th\u00e1i Lan  Tr\u1ecdng l\u01b0\u1ee3ng: 400ml  Ki\u1ec3u d\u00e1ng: Chai x\u1ecbt  Ph\u1ea1m vi s\u1eed d\u1ee5ng: L\u1edbp s\u01a1n xe \u00f4 t\u00f4  Th\u1eddi gian khuy\u1ebfn ngh\u1ecb s\u1eed d\u1ee5ng s\u1ea3n ph\u1ea9m: s\u1eed d\u1ee5ng h\u00e0ng ng\u00e0y, h\u00e0ng tu\u1ea7n ho\u1eb7c h\u00e0ng th\u00e1ng \u0111\u1ec3 gi\u1eef b\u1ec1 m\u1eb7t s\u01a1n lu\u00f4n s\u00e1ng b\u00f3ng.\" \/>\n<meta property=\"og:url\" content=\"https:\/\/lienhop.vn\/en\/cham-soc-xe\/chai-xit-tang-cuong-do-bong-son-xe-o-to-3m-39034lt-gloss-enhancer-400ml\/\" \/>\n<meta property=\"og:site_name\" content=\"Li\u00ean H\u1ee3p\" \/>\n<meta property=\"article:modified_time\" content=\"2022-07-13T21:17:21+00:00\" \/>\n<meta property=\"og:image\" content=\"https:\/\/lienhop.vn\/wp-content\/uploads\/2022\/02\/39034LT-1.jpg\" \/>\n\t<meta property=\"og:image:width\" content=\"2000\" \/>\n\t<meta property=\"og:image:height\" content=\"2000\" \/>\n<meta name=\"twitter:card\" content=\"summary_large_image\" \/>\n<meta name=\"twitter:label1\" content=\"Est. reading time\" \/>\n\t<meta name=\"twitter:data1\" content=\"1 minute\" \/>\n<script type=\"application\/ld+json\" class=\"yoast-schema-graph\">{\"@context\":\"https:\/\/schema.org\",\"@graph\":[{\"@type\":\"WebSite\",\"@id\":\"https:\/\/lienhop.vn\/#website\",\"url\":\"https:\/\/lienhop.vn\/\",\"name\":\"Li\\u00ean H\\u1ee3p\",\"description\":\"Chuy\\u00ean cung c\\u1ea5p c\\u00e1c s\\u1ea3n ph\\u1ea9m ch\\u0103m s\\u00f3c xe 3M\",\"potentialAction\":[{\"@type\":\"SearchAction\",\"target\":{\"@type\":\"EntryPoint\",\"urlTemplate\":\"https:\/\/lienhop.vn\/?s={search_term_string}\"},\"query-input\":\"required name=search_term_string\"}],\"inLanguage\":\"en-US\"},{\"@type\":\"ImageObject\",\"@id\":\"https:\/\/lienhop.vn\/cham-soc-xe\/chai-xit-tang-cuong-do-bong-son-xe-o-to-3m-39034lt-gloss-enhancer-400ml\/#primaryimage\",\"inLanguage\":\"en-US\",\"url\":\"https:\/\/lienhop.vn\/wp-content\/uploads\/2022\/02\/39034LT-1.jpg\",\"contentUrl\":\"https:\/\/lienhop.vn\/wp-content\/uploads\/2022\/02\/39034LT-1.jpg\",\"width\":2000,\"height\":2000},{\"@type\":\"WebPage\",\"@id\":\"https:\/\/lienhop.vn\/cham-soc-xe\/chai-xit-tang-cuong-do-bong-son-xe-o-to-3m-39034lt-gloss-enhancer-400ml\/#webpage\",\"url\":\"https:\/\/lienhop.vn\/cham-soc-xe\/chai-xit-tang-cuong-do-bong-son-xe-o-to-3m-39034lt-gloss-enhancer-400ml\/\",\"name\":\"Chai x\\u1ecbt t\\u0103ng c\\u01b0\\u1eddng \\u0111\\u1ed9 b\\u00f3ng s\\u01a1n xe \\u00f4 t\\u00f4 3M\\u2122 39034LT Gloss Enhancer 400ml - Li\\u00ean H\\u1ee3p\",\"isPartOf\":{\"@id\":\"https:\/\/lienhop.vn\/#website\"},\"primaryImageOfPage\":{\"@id\":\"https:\/\/lienhop.vn\/cham-soc-xe\/chai-xit-tang-cuong-do-bong-son-xe-o-to-3m-39034lt-gloss-enhancer-400ml\/#primaryimage\"},\"datePublished\":\"2022-02-25T02:28:56+00:00\",\"dateModified\":\"2022-07-13T21:17:21+00:00\",\"breadcrumb\":{\"@id\":\"https:\/\/lienhop.vn\/cham-soc-xe\/chai-xit-tang-cuong-do-bong-son-xe-o-to-3m-39034lt-gloss-enhancer-400ml\/#breadcrumb\"},\"inLanguage\":\"en-US\",\"potentialAction\":[{\"@type\":\"ReadAction\",\"target\":[\"https:\/\/lienhop.vn\/cham-soc-xe\/chai-xit-tang-cuong-do-bong-son-xe-o-to-3m-39034lt-gloss-enhancer-400ml\/\"]}]},{\"@type\":\"BreadcrumbList\",\"@id\":\"https:\/\/lienhop.vn\/cham-soc-xe\/chai-xit-tang-cuong-do-bong-son-xe-o-to-3m-39034lt-gloss-enhancer-400ml\/#breadcrumb\",\"itemListElement\":[{\"@type\":\"ListItem\",\"position\":1,\"name\":\"Trang ch\\u1ee7\",\"item\":\"https:\/\/lienhop.vn\/\"},{\"@type\":\"ListItem\",\"position\":2,\"name\":\"S\\u1ea3n ph\\u1ea9m\",\"item\":\"https:\/\/lienhop.vn\/san-pham\/\"},{\"@type\":\"ListItem\",\"position\":3,\"name\":\"Chai x\\u1ecbt t\\u0103ng c\\u01b0\\u1eddng \\u0111\\u1ed9 b\\u00f3ng s\\u01a1n xe \\u00f4 t\\u00f4 3M\\u2122 39034LT Gloss Enhancer 400ml\"}]}]}<\/script>\n<!-- \/ Yoast SEO Premium plugin. -->","yoast_head_json":{"title":"Chai x\u1ecbt t\u0103ng c\u01b0\u1eddng \u0111\u1ed9 b\u00f3ng s\u01a1n xe \u00f4 t\u00f4 3M\u2122 39034LT Gloss Enhancer 400ml - Li\u00ean H\u1ee3p","robots":{"index":"index","follow":"follow","max-snippet":"max-snippet:-1","max-image-preview":"max-image-preview:large","max-video-preview":"max-video-preview:-1"},"canonical":"https:\/\/lienhop.vn\/en\/cham-soc-xe\/chai-xit-tang-cuong-do-bong-son-xe-o-to-3m-39034lt-gloss-enhancer-400ml\/","og_locale":"en_US","og_type":"article","og_title":"Chai x\u1ecbt t\u0103ng c\u01b0\u1eddng \u0111\u1ed9 b\u00f3ng s\u01a1n xe \u00f4 t\u00f4 3M\u2122 39034LT Gloss Enhancer 400ml","og_description":"Th\u1eddi h\u1ea1n s\u1eed d\u1ee5ng: \u2026\u2026\u2026.  Xu\u1ea5t x\u1ee9: Th\u00e1i Lan  Tr\u1ecdng l\u01b0\u1ee3ng: 400ml  Ki\u1ec3u d\u00e1ng: Chai x\u1ecbt  Ph\u1ea1m vi s\u1eed d\u1ee5ng: L\u1edbp s\u01a1n xe \u00f4 t\u00f4  Th\u1eddi gian khuy\u1ebfn ngh\u1ecb s\u1eed d\u1ee5ng s\u1ea3n ph\u1ea9m: s\u1eed d\u1ee5ng h\u00e0ng ng\u00e0y, h\u00e0ng tu\u1ea7n ho\u1eb7c h\u00e0ng th\u00e1ng \u0111\u1ec3 gi\u1eef b\u1ec1 m\u1eb7t s\u01a1n lu\u00f4n s\u00e1ng b\u00f3ng.","og_url":"https:\/\/lienhop.vn\/en\/cham-soc-xe\/chai-xit-tang-cuong-do-bong-son-xe-o-to-3m-39034lt-gloss-enhancer-400ml\/","og_site_name":"Li\u00ean H\u1ee3p","article_modified_time":"2022-07-13T21:17:21+00:00","og_image":[{"width":2000,"height":2000,"url":"https:\/\/lienhop.vn\/wp-content\/uploads\/2022\/02\/39034LT-1.jpg","path":"\/home\/daithong\/public_html\/wp-content\/uploads\/2022\/02\/39034LT-1.jpg","size":"full","id":3886,"alt":"","pixels":4000000,"type":"image\/jpeg"}],"twitter_card":"summary_large_image","twitter_misc":{"Est. reading time":"1 minute"},"schema":{"@context":"https:\/\/schema.org","@graph":[{"@type":"WebSite","@id":"https:\/\/lienhop.vn\/#website","url":"https:\/\/lienhop.vn\/","name":"Li\u00ean H\u1ee3p","description":"Chuy\u00ean cung c\u1ea5p c\u00e1c s\u1ea3n ph\u1ea9m ch\u0103m s\u00f3c xe 3M","potentialAction":[{"@type":"SearchAction","target":{"@type":"EntryPoint","urlTemplate":"https:\/\/lienhop.vn\/?s={search_term_string}"},"query-input":"required name=search_term_string"}],"inLanguage":"en-US"},{"@type":"ImageObject","@id":"https:\/\/lienhop.vn\/cham-soc-xe\/chai-xit-tang-cuong-do-bong-son-xe-o-to-3m-39034lt-gloss-enhancer-400ml\/#primaryimage","inLanguage":"en-US","url":"https:\/\/lienhop.vn\/wp-content\/uploads\/2022\/02\/39034LT-1.jpg","contentUrl":"https:\/\/lienhop.vn\/wp-content\/uploads\/2022\/02\/39034LT-1.jpg","width":2000,"height":2000},{"@type":"WebPage","@id":"https:\/\/lienhop.vn\/cham-soc-xe\/chai-xit-tang-cuong-do-bong-son-xe-o-to-3m-39034lt-gloss-enhancer-400ml\/#webpage","url":"https:\/\/lienhop.vn\/cham-soc-xe\/chai-xit-tang-cuong-do-bong-son-xe-o-to-3m-39034lt-gloss-enhancer-400ml\/","name":"Chai x\u1ecbt t\u0103ng c\u01b0\u1eddng \u0111\u1ed9 b\u00f3ng s\u01a1n xe \u00f4 t\u00f4 3M\u2122 39034LT Gloss Enhancer 400ml - Li\u00ean H\u1ee3p","isPartOf":{"@id":"https:\/\/lienhop.vn\/#website"},"primaryImageOfPage":{"@id":"https:\/\/lienhop.vn\/cham-soc-xe\/chai-xit-tang-cuong-do-bong-son-xe-o-to-3m-39034lt-gloss-enhancer-400ml\/#primaryimage"},"datePublished":"2022-02-25T02:28:56+00:00","dateModified":"2022-07-13T21:17:21+00:00","breadcrumb":{"@id":"https:\/\/lienhop.vn\/cham-soc-xe\/chai-xit-tang-cuong-do-bong-son-xe-o-to-3m-39034lt-gloss-enhancer-400ml\/#breadcrumb"},"inLanguage":"en-US","potentialAction":[{"@type":"ReadAction","target":["https:\/\/lienhop.vn\/cham-soc-xe\/chai-xit-tang-cuong-do-bong-son-xe-o-to-3m-39034lt-gloss-enhancer-400ml\/"]}]},{"@type":"BreadcrumbList","@id":"https:\/\/lienhop.vn\/cham-soc-xe\/chai-xit-tang-cuong-do-bong-son-xe-o-to-3m-39034lt-gloss-enhancer-400ml\/#breadcrumb","itemListElement":[{"@type":"ListItem","position":1,"name":"Trang ch\u1ee7","item":"https:\/\/lienhop.vn\/"},{"@type":"ListItem","position":2,"name":"S\u1ea3n ph\u1ea9m","item":"https:\/\/lienhop.vn\/san-pham\/"},{"@type":"ListItem","position":3,"name":"Chai x\u1ecbt t\u0103ng c\u01b0\u1eddng \u0111\u1ed9 b\u00f3ng s\u01a1n xe \u00f4 t\u00f4 3M\u2122 39034LT Gloss Enhancer 400ml"}]}]}},"_links":{"self":[{"href":"https:\/\/lienhop.vn\/en\/wp-json\/wp\/v2\/product\/3885","targetHints":{"allow":["GET"]}}],"collection":[{"href":"https:\/\/lienhop.vn\/en\/wp-json\/wp\/v2\/product"}],"about":[{"href":"https:\/\/lienhop.vn\/en\/wp-json\/wp\/v2\/types\/product"}],"wp:featuredmedia":[{"embeddable":true,"href":"https:\/\/lienhop.vn\/en\/wp-json\/wp\/v2\/media\/3886"}],"wp:attachment":[{"href":"https:\/\/lienhop.vn\/en\/wp-json\/wp\/v2\/media?parent=3885"}],"wp:term":[{"taxonomy":"product_cat","embeddable":true,"href":"https:\/\/lienhop.vn\/en\/wp-json\/wp\/v2\/product_cat?post=3885"},{"taxonomy":"product_tag","embeddable":true,"href":"https:\/\/lienhop.vn\/en\/wp-json\/wp\/v2\/product_tag?post=3885"}],"curies":[{"name":"wp","href":"https:\/\/api.w.org\/{rel}","templated":true}]}}