{"id":3795,"date":"2022-02-24T14:15:10","date_gmt":"2022-02-24T07:15:10","guid":{"rendered":"https:\/\/lienhop.vn\/?post_type=product&#038;p=3795"},"modified":"2022-07-14T11:31:23","modified_gmt":"2022-07-14T04:31:23","slug":"binh-xit-boi-tron-cao-su-lao-hoa-dang-kho-3m-08897-silicone-lubricant-241g","status":"publish","type":"product","link":"https:\/\/lienhop.vn\/en\/cham-soc-xe\/binh-xit-boi-tron-cao-su-lao-hoa-dang-kho-3m-08897-silicone-lubricant-241g\/","title":{"rendered":"B\u00ecnh x\u1ecbt b\u00f4i tr\u01a1n cao su l\u00e3o h\u00f3a d\u1ea1ng kh\u00f4 3M\u2122 08897 Silicone Lubricant 241g"},"content":{"rendered":"<ul>\n<li>Silicone d\u1ea1ng kh\u00f4 b\u00f4i tr\u01a1n \u0111a d\u1ee5ng, t\u00e1i t\u1ea1o, ch\u1ed1ng l\u00e3o h\u00f3a c\u00e1c chi ti\u1ebft cao su v\u00e0 nh\u1ef1a.<\/li>\n<li>B\u00f4i tr\u01a1n lo\u1ea1i b\u1ecf ti\u1ebfng r\u00edt d\u00ednh c\u1ee7a cao su v\u00e0 c\u00e1c ti\u1ebfng k\u00eau kh\u00f3 ch\u1ecbu do ma s\u00e1t g\u00e2y ra. VD: b\u00f4i tr\u01a1n ron cao su c\u1eeda k\u00ednh, b\u1ea3n l\u1ec1 c\u1eeda xe, c\u1eeda s\u1ed5 tr\u1eddi, ng\u0103n k\u00e9o, \u0103ng ten,d\u00e2y k\u00e9o kh\u00f3a\u2026<\/li>\n<li>Kh\u00f4ng ch\u1ee9a d\u1ea7u, kh\u00f4ng v\u1ea5y b\u1ea9n v\u1eadt li\u1ec7u v\u1ea3i.<\/li>\n<li>Th\u1ea9m th\u1ea5u nhanh, b\u00f4i tr\u01a1n hi\u1ec7u qu\u1ea3, ch\u1ed1ng b\u00f3 c\u1ee9ng hay k\u00eau kh\u1edbp c\u00e1nh c\u1eeda xe.<\/li>\n<li>Kh\u00f4ng \u0111\u00f4ng l\u1ea1nh \u1edf nhi\u1ec7t \u0111\u1ed9 -33<sup>0<\/sup>C v\u00e0 c\u00f3 kh\u1ea3 ch\u1ecbu nhi\u1ec7t l\u00ean \u0111\u1ebfn 176<sup>0<\/sup>C<\/li>\n<li>An to\u00e0n kh\u00f4ng l\u00e0m gi\u00e3n ho\u1eb7c g\u00e2y h\u1ea1i \u0111\u1ebfn cao su v\u00e0 nh\u1ef1a.<\/li>\n<li style=\"list-style-type: none;\"><\/li>\n<\/ul>","protected":false},"excerpt":{"rendered":"<ul>\n<li>Th\u1eddi h\u1ea1n s\u1eed d\u1ee5ng: 5 n\u0103m k\u1ec3 t\u1eeb ng\u00e0y s\u1ea3n xu\u1ea5t<\/li>\n<li>Xu\u1ea5t x\u1ee9: USA<\/li>\n<li>Tr\u1ecdng l\u01b0\u1ee3ng: 241 gram<\/li>\n<li>Ki\u1ec3u d\u00e1ng: B\u00ecnh x\u1ecbt kim lo\u1ea1i<\/li>\n<li>Ph\u1ea1m vi s\u1eed d\u1ee5ng: cao su, nh\u1ef1a<\/li>\n<li>Th\u1eddi gian khuy\u1ebfn ngh\u1ecb s\u1eed d\u1ee5ng s\u1ea3n ph\u1ea9m: \u2026. th\u00e1ng \/ l\u1ea7n<\/li>\n<li><\/li>\n<\/ul>","protected":false},"featured_media":3797,"template":"","meta":{"inline_featured_image":false},"product_cat":[441],"product_tag":[140,109,119],"class_list":["post-3795","product","type-product","status-publish","has-post-thumbnail","hentry","product-brand-3m","product_cat-cham-soc-xe","product_tag-140","product_tag-3m","product_tag-cham-soc-xe"],"yoast_head":"<!-- This site is optimized with the Yoast SEO Premium plugin v17.2 (Yoast SEO v17.2) - https:\/\/yoast.com\/wordpress\/plugins\/seo\/ -->\n<title>B\u00ecnh x\u1ecbt b\u00f4i tr\u01a1n cao su l\u00e3o h\u00f3a d\u1ea1ng kh\u00f4 3M\u2122 08897 Silicone Lubricant 241g - Li\u00ean H\u1ee3p<\/title>\n<meta name=\"robots\" content=\"index, follow, max-snippet:-1, max-image-preview:large, max-video-preview:-1\" \/>\n<link rel=\"canonical\" href=\"https:\/\/lienhop.vn\/en\/cham-soc-xe\/binh-xit-boi-tron-cao-su-lao-hoa-dang-kho-3m-08897-silicone-lubricant-241g\/\" \/>\n<meta property=\"og:locale\" content=\"en_US\" \/>\n<meta property=\"og:type\" content=\"article\" \/>\n<meta property=\"og:title\" content=\"B\u00ecnh x\u1ecbt b\u00f4i tr\u01a1n cao su l\u00e3o h\u00f3a d\u1ea1ng kh\u00f4 3M\u2122 08897 Silicone Lubricant 241g\" \/>\n<meta property=\"og:description\" content=\"Th\u1eddi h\u1ea1n s\u1eed d\u1ee5ng: 5 n\u0103m k\u1ec3 t\u1eeb ng\u00e0y s\u1ea3n xu\u1ea5t  Xu\u1ea5t x\u1ee9: USA  Tr\u1ecdng l\u01b0\u1ee3ng: 241 gram  Ki\u1ec3u d\u00e1ng: B\u00ecnh x\u1ecbt kim lo\u1ea1i  Ph\u1ea1m vi s\u1eed d\u1ee5ng: cao su, nh\u1ef1a  Th\u1eddi gian khuy\u1ebfn ngh\u1ecb s\u1eed d\u1ee5ng s\u1ea3n ph\u1ea9m: \u2026. th\u00e1ng \/ l\u1ea7n\" \/>\n<meta property=\"og:url\" content=\"https:\/\/lienhop.vn\/en\/cham-soc-xe\/binh-xit-boi-tron-cao-su-lao-hoa-dang-kho-3m-08897-silicone-lubricant-241g\/\" \/>\n<meta property=\"og:site_name\" content=\"Li\u00ean H\u1ee3p\" \/>\n<meta property=\"article:modified_time\" content=\"2022-07-14T04:31:23+00:00\" \/>\n<meta property=\"og:image\" content=\"https:\/\/lienhop.vn\/wp-content\/uploads\/2022\/02\/08897-1.jpg\" \/>\n\t<meta property=\"og:image:width\" content=\"2000\" \/>\n\t<meta property=\"og:image:height\" content=\"2000\" \/>\n<meta name=\"twitter:card\" content=\"summary_large_image\" \/>\n<meta name=\"twitter:label1\" content=\"Est. reading time\" \/>\n\t<meta name=\"twitter:data1\" content=\"1 minute\" \/>\n<script type=\"application\/ld+json\" class=\"yoast-schema-graph\">{\"@context\":\"https:\/\/schema.org\",\"@graph\":[{\"@type\":\"WebSite\",\"@id\":\"https:\/\/lienhop.vn\/#website\",\"url\":\"https:\/\/lienhop.vn\/\",\"name\":\"Li\\u00ean H\\u1ee3p\",\"description\":\"Chuy\\u00ean cung c\\u1ea5p c\\u00e1c s\\u1ea3n ph\\u1ea9m ch\\u0103m s\\u00f3c xe 3M\",\"potentialAction\":[{\"@type\":\"SearchAction\",\"target\":{\"@type\":\"EntryPoint\",\"urlTemplate\":\"https:\/\/lienhop.vn\/?s={search_term_string}\"},\"query-input\":\"required name=search_term_string\"}],\"inLanguage\":\"en-US\"},{\"@type\":\"ImageObject\",\"@id\":\"https:\/\/lienhop.vn\/cham-soc-xe\/binh-xit-boi-tron-cao-su-lao-hoa-dang-kho-3m-08897-silicone-lubricant-241g\/#primaryimage\",\"inLanguage\":\"en-US\",\"url\":\"https:\/\/lienhop.vn\/wp-content\/uploads\/2022\/02\/08897-1.jpg\",\"contentUrl\":\"https:\/\/lienhop.vn\/wp-content\/uploads\/2022\/02\/08897-1.jpg\",\"width\":2000,\"height\":2000},{\"@type\":\"WebPage\",\"@id\":\"https:\/\/lienhop.vn\/cham-soc-xe\/binh-xit-boi-tron-cao-su-lao-hoa-dang-kho-3m-08897-silicone-lubricant-241g\/#webpage\",\"url\":\"https:\/\/lienhop.vn\/cham-soc-xe\/binh-xit-boi-tron-cao-su-lao-hoa-dang-kho-3m-08897-silicone-lubricant-241g\/\",\"name\":\"B\\u00ecnh x\\u1ecbt b\\u00f4i tr\\u01a1n cao su l\\u00e3o h\\u00f3a d\\u1ea1ng kh\\u00f4 3M\\u2122 08897 Silicone Lubricant 241g - Li\\u00ean H\\u1ee3p\",\"isPartOf\":{\"@id\":\"https:\/\/lienhop.vn\/#website\"},\"primaryImageOfPage\":{\"@id\":\"https:\/\/lienhop.vn\/cham-soc-xe\/binh-xit-boi-tron-cao-su-lao-hoa-dang-kho-3m-08897-silicone-lubricant-241g\/#primaryimage\"},\"datePublished\":\"2022-02-24T07:15:10+00:00\",\"dateModified\":\"2022-07-14T04:31:23+00:00\",\"breadcrumb\":{\"@id\":\"https:\/\/lienhop.vn\/cham-soc-xe\/binh-xit-boi-tron-cao-su-lao-hoa-dang-kho-3m-08897-silicone-lubricant-241g\/#breadcrumb\"},\"inLanguage\":\"en-US\",\"potentialAction\":[{\"@type\":\"ReadAction\",\"target\":[\"https:\/\/lienhop.vn\/cham-soc-xe\/binh-xit-boi-tron-cao-su-lao-hoa-dang-kho-3m-08897-silicone-lubricant-241g\/\"]}]},{\"@type\":\"BreadcrumbList\",\"@id\":\"https:\/\/lienhop.vn\/cham-soc-xe\/binh-xit-boi-tron-cao-su-lao-hoa-dang-kho-3m-08897-silicone-lubricant-241g\/#breadcrumb\",\"itemListElement\":[{\"@type\":\"ListItem\",\"position\":1,\"name\":\"Trang ch\\u1ee7\",\"item\":\"https:\/\/lienhop.vn\/\"},{\"@type\":\"ListItem\",\"position\":2,\"name\":\"S\\u1ea3n ph\\u1ea9m\",\"item\":\"https:\/\/lienhop.vn\/san-pham\/\"},{\"@type\":\"ListItem\",\"position\":3,\"name\":\"B\\u00ecnh x\\u1ecbt b\\u00f4i tr\\u01a1n cao su l\\u00e3o h\\u00f3a d\\u1ea1ng kh\\u00f4 3M\\u2122 08897 Silicone Lubricant 241g\"}]}]}<\/script>\n<!-- \/ Yoast SEO Premium plugin. -->","yoast_head_json":{"title":"B\u00ecnh x\u1ecbt b\u00f4i tr\u01a1n cao su l\u00e3o h\u00f3a d\u1ea1ng kh\u00f4 3M\u2122 08897 Silicone Lubricant 241g - Li\u00ean H\u1ee3p","robots":{"index":"index","follow":"follow","max-snippet":"max-snippet:-1","max-image-preview":"max-image-preview:large","max-video-preview":"max-video-preview:-1"},"canonical":"https:\/\/lienhop.vn\/en\/cham-soc-xe\/binh-xit-boi-tron-cao-su-lao-hoa-dang-kho-3m-08897-silicone-lubricant-241g\/","og_locale":"en_US","og_type":"article","og_title":"B\u00ecnh x\u1ecbt b\u00f4i tr\u01a1n cao su l\u00e3o h\u00f3a d\u1ea1ng kh\u00f4 3M\u2122 08897 Silicone Lubricant 241g","og_description":"Th\u1eddi h\u1ea1n s\u1eed d\u1ee5ng: 5 n\u0103m k\u1ec3 t\u1eeb ng\u00e0y s\u1ea3n xu\u1ea5t  Xu\u1ea5t x\u1ee9: USA  Tr\u1ecdng l\u01b0\u1ee3ng: 241 gram  Ki\u1ec3u d\u00e1ng: B\u00ecnh x\u1ecbt kim lo\u1ea1i  Ph\u1ea1m vi s\u1eed d\u1ee5ng: cao su, nh\u1ef1a  Th\u1eddi gian khuy\u1ebfn ngh\u1ecb s\u1eed d\u1ee5ng s\u1ea3n ph\u1ea9m: \u2026. th\u00e1ng \/ l\u1ea7n","og_url":"https:\/\/lienhop.vn\/en\/cham-soc-xe\/binh-xit-boi-tron-cao-su-lao-hoa-dang-kho-3m-08897-silicone-lubricant-241g\/","og_site_name":"Li\u00ean H\u1ee3p","article_modified_time":"2022-07-14T04:31:23+00:00","og_image":[{"width":2000,"height":2000,"url":"https:\/\/lienhop.vn\/wp-content\/uploads\/2022\/02\/08897-1.jpg","path":"\/home\/daithong\/public_html\/wp-content\/uploads\/2022\/02\/08897-1.jpg","size":"full","id":3797,"alt":"","pixels":4000000,"type":"image\/jpeg"}],"twitter_card":"summary_large_image","twitter_misc":{"Est. reading time":"1 minute"},"schema":{"@context":"https:\/\/schema.org","@graph":[{"@type":"WebSite","@id":"https:\/\/lienhop.vn\/#website","url":"https:\/\/lienhop.vn\/","name":"Li\u00ean H\u1ee3p","description":"Chuy\u00ean cung c\u1ea5p c\u00e1c s\u1ea3n ph\u1ea9m ch\u0103m s\u00f3c xe 3M","potentialAction":[{"@type":"SearchAction","target":{"@type":"EntryPoint","urlTemplate":"https:\/\/lienhop.vn\/?s={search_term_string}"},"query-input":"required name=search_term_string"}],"inLanguage":"en-US"},{"@type":"ImageObject","@id":"https:\/\/lienhop.vn\/cham-soc-xe\/binh-xit-boi-tron-cao-su-lao-hoa-dang-kho-3m-08897-silicone-lubricant-241g\/#primaryimage","inLanguage":"en-US","url":"https:\/\/lienhop.vn\/wp-content\/uploads\/2022\/02\/08897-1.jpg","contentUrl":"https:\/\/lienhop.vn\/wp-content\/uploads\/2022\/02\/08897-1.jpg","width":2000,"height":2000},{"@type":"WebPage","@id":"https:\/\/lienhop.vn\/cham-soc-xe\/binh-xit-boi-tron-cao-su-lao-hoa-dang-kho-3m-08897-silicone-lubricant-241g\/#webpage","url":"https:\/\/lienhop.vn\/cham-soc-xe\/binh-xit-boi-tron-cao-su-lao-hoa-dang-kho-3m-08897-silicone-lubricant-241g\/","name":"B\u00ecnh x\u1ecbt b\u00f4i tr\u01a1n cao su l\u00e3o h\u00f3a d\u1ea1ng kh\u00f4 3M\u2122 08897 Silicone Lubricant 241g - Li\u00ean H\u1ee3p","isPartOf":{"@id":"https:\/\/lienhop.vn\/#website"},"primaryImageOfPage":{"@id":"https:\/\/lienhop.vn\/cham-soc-xe\/binh-xit-boi-tron-cao-su-lao-hoa-dang-kho-3m-08897-silicone-lubricant-241g\/#primaryimage"},"datePublished":"2022-02-24T07:15:10+00:00","dateModified":"2022-07-14T04:31:23+00:00","breadcrumb":{"@id":"https:\/\/lienhop.vn\/cham-soc-xe\/binh-xit-boi-tron-cao-su-lao-hoa-dang-kho-3m-08897-silicone-lubricant-241g\/#breadcrumb"},"inLanguage":"en-US","potentialAction":[{"@type":"ReadAction","target":["https:\/\/lienhop.vn\/cham-soc-xe\/binh-xit-boi-tron-cao-su-lao-hoa-dang-kho-3m-08897-silicone-lubricant-241g\/"]}]},{"@type":"BreadcrumbList","@id":"https:\/\/lienhop.vn\/cham-soc-xe\/binh-xit-boi-tron-cao-su-lao-hoa-dang-kho-3m-08897-silicone-lubricant-241g\/#breadcrumb","itemListElement":[{"@type":"ListItem","position":1,"name":"Trang ch\u1ee7","item":"https:\/\/lienhop.vn\/"},{"@type":"ListItem","position":2,"name":"S\u1ea3n ph\u1ea9m","item":"https:\/\/lienhop.vn\/san-pham\/"},{"@type":"ListItem","position":3,"name":"B\u00ecnh x\u1ecbt b\u00f4i tr\u01a1n cao su l\u00e3o h\u00f3a d\u1ea1ng kh\u00f4 3M\u2122 08897 Silicone Lubricant 241g"}]}]}},"_links":{"self":[{"href":"https:\/\/lienhop.vn\/en\/wp-json\/wp\/v2\/product\/3795","targetHints":{"allow":["GET"]}}],"collection":[{"href":"https:\/\/lienhop.vn\/en\/wp-json\/wp\/v2\/product"}],"about":[{"href":"https:\/\/lienhop.vn\/en\/wp-json\/wp\/v2\/types\/product"}],"wp:featuredmedia":[{"embeddable":true,"href":"https:\/\/lienhop.vn\/en\/wp-json\/wp\/v2\/media\/3797"}],"wp:attachment":[{"href":"https:\/\/lienhop.vn\/en\/wp-json\/wp\/v2\/media?parent=3795"}],"wp:term":[{"taxonomy":"product_cat","embeddable":true,"href":"https:\/\/lienhop.vn\/en\/wp-json\/wp\/v2\/product_cat?post=3795"},{"taxonomy":"product_tag","embeddable":true,"href":"https:\/\/lienhop.vn\/en\/wp-json\/wp\/v2\/product_tag?post=3795"}],"curies":[{"name":"wp","href":"https:\/\/api.w.org\/{rel}","templated":true}]}}