{"id":3745,"date":"2022-02-23T16:30:28","date_gmt":"2022-02-23T09:30:28","guid":{"rendered":"https:\/\/lienhop.vn\/?post_type=product&#038;p=3745"},"modified":"2022-07-14T11:32:29","modified_gmt":"2022-07-14T04:32:29","slug":"dung-moi-phu-gia-xuc-bec-xang-3m-08813-complete-fuel-system-cleaner-473ml","status":"publish","type":"product","link":"https:\/\/lienhop.vn\/en\/cham-soc-xe\/dung-moi-phu-gia-xuc-bec-xang-3m-08813-complete-fuel-system-cleaner-473ml\/","title":{"rendered":"Dung m\u00f4i ph\u1ee5 gia x\u00fac b\u00e9c x\u0103ng 3M\u2122 08813 Complete Fuel System Cleaner 473ml"},"content":{"rendered":"<ul>\n<li>T\u1ea9y s\u1ea1ch c\u1eb7n b\u1ea9n c\u1ee7a kim phun v\u00e0 bu\u1ed3ng \u0111\u1ed1t.<\/li>\n<li>L\u00e0m s\u1ea1ch m\u1ee5i than suppap v\u00e0 s\u1ea1ch c\u1eb7n l\u1eafng b\u00ecnh x\u0103ng.<\/li>\n<li>B\u1ea3o v\u1ec7 v\u00e0 h\u1ea1n ch\u1ebf h\u00ecnh th\u00e0nh m\u1ee5i than, h\u1ea1n ch\u1ebf hi\u1ec7n t\u01b0\u1ee3ng k\u00edch n\u1ed5, k\u00e9o d\u00e0i tu\u1ed5i th\u1ecd \u0111\u1ed9ng c\u01a1.<\/li>\n<li>Ph\u1ee5c h\u1ed3i c\u00f4ng su\u1ea5t, kh\u1edfi \u0111\u1ed9ng d\u1ec5 d\u00e0ng.<\/li>\n<li>Ti\u1ec7t ki\u1ec7m v\u00e0 t\u1ed1i \u01b0u h\u00f3a nhi\u00ean li\u1ec7u s\u1eed d\u1ee5ng.<\/li>\n<li>D\u1ec5 d\u00e0ng r\u00f3t v\u00e0o b\u00ecnh x\u0103ng m\u00e0 kh\u00f4ng tr\u00e0n ra ngo\u00e0i.<\/li>\n<li>Kh\u00f4ng \u1ea3nh h\u01b0\u1edfng \u0111\u1ebfn c\u00e1c chi ti\u1ebft cao su trong h\u1ec7 th\u1ed1ng nhi\u00ean li\u1ec7u.<\/li>\n<\/ul>","protected":false},"excerpt":{"rendered":"<ul>\n<li>Th\u1eddi h\u1ea1n s\u1eed d\u1ee5ng: 03 n\u0103m k\u1ec3 t\u1eeb ng\u00e0y s\u1ea3n xu\u1ea5t<\/li>\n<li>Xu\u1ea5t x\u1ee9: USA<\/li>\n<li>Dung t\u00edch: 473ml<\/li>\n<li>Ki\u1ec3u d\u00e1ng: Chai nh\u1ef1a<\/li>\n<\/ul>","protected":false},"featured_media":8832,"template":"","meta":{"inline_featured_image":false},"product_cat":[441],"product_tag":[121,109,119],"class_list":["post-3745","product","type-product","status-publish","has-post-thumbnail","hentry","product-brand-3m","product_cat-cham-soc-xe","product_tag-121","product_tag-3m","product_tag-cham-soc-xe"],"yoast_head":"<!-- This site is optimized with the Yoast SEO Premium plugin v17.2 (Yoast SEO v17.2) - https:\/\/yoast.com\/wordpress\/plugins\/seo\/ -->\n<title>Dung m\u00f4i ph\u1ee5 gia x\u00fac b\u00e9c x\u0103ng 3M\u2122 08813 Complete Fuel System Cleaner 473ml - Li\u00ean H\u1ee3p<\/title>\n<meta name=\"robots\" content=\"index, follow, max-snippet:-1, max-image-preview:large, max-video-preview:-1\" \/>\n<link rel=\"canonical\" href=\"https:\/\/lienhop.vn\/en\/cham-soc-xe\/dung-moi-phu-gia-xuc-bec-xang-3m-08813-complete-fuel-system-cleaner-473ml\/\" \/>\n<meta property=\"og:locale\" content=\"en_US\" \/>\n<meta property=\"og:type\" content=\"article\" \/>\n<meta property=\"og:title\" content=\"Dung m\u00f4i ph\u1ee5 gia x\u00fac b\u00e9c x\u0103ng 3M\u2122 08813 Complete Fuel System Cleaner 473ml\" \/>\n<meta property=\"og:description\" content=\"Th\u1eddi h\u1ea1n s\u1eed d\u1ee5ng: 03 n\u0103m k\u1ec3 t\u1eeb ng\u00e0y s\u1ea3n xu\u1ea5t  Xu\u1ea5t x\u1ee9: USA  Dung t\u00edch: 473ml  Ki\u1ec3u d\u00e1ng: Chai nh\u1ef1a\" \/>\n<meta property=\"og:url\" content=\"https:\/\/lienhop.vn\/en\/cham-soc-xe\/dung-moi-phu-gia-xuc-bec-xang-3m-08813-complete-fuel-system-cleaner-473ml\/\" \/>\n<meta property=\"og:site_name\" content=\"Li\u00ean H\u1ee3p\" \/>\n<meta property=\"article:modified_time\" content=\"2022-07-14T04:32:29+00:00\" \/>\n<meta property=\"og:image\" content=\"https:\/\/lienhop.vn\/wp-content\/uploads\/2022\/02\/08813-4.png\" \/>\n\t<meta property=\"og:image:width\" content=\"2000\" \/>\n\t<meta property=\"og:image:height\" content=\"2000\" \/>\n<meta name=\"twitter:card\" content=\"summary_large_image\" \/>\n<meta name=\"twitter:label1\" content=\"Est. reading time\" \/>\n\t<meta name=\"twitter:data1\" content=\"1 minute\" \/>\n<script type=\"application\/ld+json\" class=\"yoast-schema-graph\">{\"@context\":\"https:\/\/schema.org\",\"@graph\":[{\"@type\":\"WebSite\",\"@id\":\"https:\/\/lienhop.vn\/#website\",\"url\":\"https:\/\/lienhop.vn\/\",\"name\":\"Li\\u00ean H\\u1ee3p\",\"description\":\"Chuy\\u00ean cung c\\u1ea5p c\\u00e1c s\\u1ea3n ph\\u1ea9m ch\\u0103m s\\u00f3c xe 3M\",\"potentialAction\":[{\"@type\":\"SearchAction\",\"target\":{\"@type\":\"EntryPoint\",\"urlTemplate\":\"https:\/\/lienhop.vn\/?s={search_term_string}\"},\"query-input\":\"required name=search_term_string\"}],\"inLanguage\":\"en-US\"},{\"@type\":\"ImageObject\",\"@id\":\"https:\/\/lienhop.vn\/cham-soc-xe\/dung-moi-phu-gia-xuc-bec-xang-3m-08813-complete-fuel-system-cleaner-473ml\/#primaryimage\",\"inLanguage\":\"en-US\",\"url\":\"https:\/\/lienhop.vn\/wp-content\/uploads\/2022\/02\/08813-4.png\",\"contentUrl\":\"https:\/\/lienhop.vn\/wp-content\/uploads\/2022\/02\/08813-4.png\",\"width\":2000,\"height\":2000},{\"@type\":\"WebPage\",\"@id\":\"https:\/\/lienhop.vn\/cham-soc-xe\/dung-moi-phu-gia-xuc-bec-xang-3m-08813-complete-fuel-system-cleaner-473ml\/#webpage\",\"url\":\"https:\/\/lienhop.vn\/cham-soc-xe\/dung-moi-phu-gia-xuc-bec-xang-3m-08813-complete-fuel-system-cleaner-473ml\/\",\"name\":\"Dung m\\u00f4i ph\\u1ee5 gia x\\u00fac b\\u00e9c x\\u0103ng 3M\\u2122 08813 Complete Fuel System Cleaner 473ml - Li\\u00ean H\\u1ee3p\",\"isPartOf\":{\"@id\":\"https:\/\/lienhop.vn\/#website\"},\"primaryImageOfPage\":{\"@id\":\"https:\/\/lienhop.vn\/cham-soc-xe\/dung-moi-phu-gia-xuc-bec-xang-3m-08813-complete-fuel-system-cleaner-473ml\/#primaryimage\"},\"datePublished\":\"2022-02-23T09:30:28+00:00\",\"dateModified\":\"2022-07-14T04:32:29+00:00\",\"breadcrumb\":{\"@id\":\"https:\/\/lienhop.vn\/cham-soc-xe\/dung-moi-phu-gia-xuc-bec-xang-3m-08813-complete-fuel-system-cleaner-473ml\/#breadcrumb\"},\"inLanguage\":\"en-US\",\"potentialAction\":[{\"@type\":\"ReadAction\",\"target\":[\"https:\/\/lienhop.vn\/cham-soc-xe\/dung-moi-phu-gia-xuc-bec-xang-3m-08813-complete-fuel-system-cleaner-473ml\/\"]}]},{\"@type\":\"BreadcrumbList\",\"@id\":\"https:\/\/lienhop.vn\/cham-soc-xe\/dung-moi-phu-gia-xuc-bec-xang-3m-08813-complete-fuel-system-cleaner-473ml\/#breadcrumb\",\"itemListElement\":[{\"@type\":\"ListItem\",\"position\":1,\"name\":\"Trang ch\\u1ee7\",\"item\":\"https:\/\/lienhop.vn\/\"},{\"@type\":\"ListItem\",\"position\":2,\"name\":\"S\\u1ea3n ph\\u1ea9m\",\"item\":\"https:\/\/lienhop.vn\/san-pham\/\"},{\"@type\":\"ListItem\",\"position\":3,\"name\":\"Dung m\\u00f4i ph\\u1ee5 gia x\\u00fac b\\u00e9c x\\u0103ng 3M\\u2122 08813 Complete Fuel System Cleaner 473ml\"}]}]}<\/script>\n<!-- \/ Yoast SEO Premium plugin. -->","yoast_head_json":{"title":"Dung m\u00f4i ph\u1ee5 gia x\u00fac b\u00e9c x\u0103ng 3M\u2122 08813 Complete Fuel System Cleaner 473ml - Li\u00ean H\u1ee3p","robots":{"index":"index","follow":"follow","max-snippet":"max-snippet:-1","max-image-preview":"max-image-preview:large","max-video-preview":"max-video-preview:-1"},"canonical":"https:\/\/lienhop.vn\/en\/cham-soc-xe\/dung-moi-phu-gia-xuc-bec-xang-3m-08813-complete-fuel-system-cleaner-473ml\/","og_locale":"en_US","og_type":"article","og_title":"Dung m\u00f4i ph\u1ee5 gia x\u00fac b\u00e9c x\u0103ng 3M\u2122 08813 Complete Fuel System Cleaner 473ml","og_description":"Th\u1eddi h\u1ea1n s\u1eed d\u1ee5ng: 03 n\u0103m k\u1ec3 t\u1eeb ng\u00e0y s\u1ea3n xu\u1ea5t  Xu\u1ea5t x\u1ee9: USA  Dung t\u00edch: 473ml  Ki\u1ec3u d\u00e1ng: Chai nh\u1ef1a","og_url":"https:\/\/lienhop.vn\/en\/cham-soc-xe\/dung-moi-phu-gia-xuc-bec-xang-3m-08813-complete-fuel-system-cleaner-473ml\/","og_site_name":"Li\u00ean H\u1ee3p","article_modified_time":"2022-07-14T04:32:29+00:00","og_image":[{"width":2000,"height":2000,"filesize":339715,"url":"https:\/\/lienhop.vn\/wp-content\/uploads\/2022\/02\/08813-4.png","path":"\/home\/dai57188\/public_html\/lienhop.vn\/wp-content\/uploads\/2022\/02\/08813-4.png","size":"full","id":8832,"alt":"","pixels":4000000,"type":"image\/png"}],"twitter_card":"summary_large_image","twitter_misc":{"Est. reading time":"1 minute"},"schema":{"@context":"https:\/\/schema.org","@graph":[{"@type":"WebSite","@id":"https:\/\/lienhop.vn\/#website","url":"https:\/\/lienhop.vn\/","name":"Li\u00ean H\u1ee3p","description":"Chuy\u00ean cung c\u1ea5p c\u00e1c s\u1ea3n ph\u1ea9m ch\u0103m s\u00f3c xe 3M","potentialAction":[{"@type":"SearchAction","target":{"@type":"EntryPoint","urlTemplate":"https:\/\/lienhop.vn\/?s={search_term_string}"},"query-input":"required name=search_term_string"}],"inLanguage":"en-US"},{"@type":"ImageObject","@id":"https:\/\/lienhop.vn\/cham-soc-xe\/dung-moi-phu-gia-xuc-bec-xang-3m-08813-complete-fuel-system-cleaner-473ml\/#primaryimage","inLanguage":"en-US","url":"https:\/\/lienhop.vn\/wp-content\/uploads\/2022\/02\/08813-4.png","contentUrl":"https:\/\/lienhop.vn\/wp-content\/uploads\/2022\/02\/08813-4.png","width":2000,"height":2000},{"@type":"WebPage","@id":"https:\/\/lienhop.vn\/cham-soc-xe\/dung-moi-phu-gia-xuc-bec-xang-3m-08813-complete-fuel-system-cleaner-473ml\/#webpage","url":"https:\/\/lienhop.vn\/cham-soc-xe\/dung-moi-phu-gia-xuc-bec-xang-3m-08813-complete-fuel-system-cleaner-473ml\/","name":"Dung m\u00f4i ph\u1ee5 gia x\u00fac b\u00e9c x\u0103ng 3M\u2122 08813 Complete Fuel System Cleaner 473ml - Li\u00ean H\u1ee3p","isPartOf":{"@id":"https:\/\/lienhop.vn\/#website"},"primaryImageOfPage":{"@id":"https:\/\/lienhop.vn\/cham-soc-xe\/dung-moi-phu-gia-xuc-bec-xang-3m-08813-complete-fuel-system-cleaner-473ml\/#primaryimage"},"datePublished":"2022-02-23T09:30:28+00:00","dateModified":"2022-07-14T04:32:29+00:00","breadcrumb":{"@id":"https:\/\/lienhop.vn\/cham-soc-xe\/dung-moi-phu-gia-xuc-bec-xang-3m-08813-complete-fuel-system-cleaner-473ml\/#breadcrumb"},"inLanguage":"en-US","potentialAction":[{"@type":"ReadAction","target":["https:\/\/lienhop.vn\/cham-soc-xe\/dung-moi-phu-gia-xuc-bec-xang-3m-08813-complete-fuel-system-cleaner-473ml\/"]}]},{"@type":"BreadcrumbList","@id":"https:\/\/lienhop.vn\/cham-soc-xe\/dung-moi-phu-gia-xuc-bec-xang-3m-08813-complete-fuel-system-cleaner-473ml\/#breadcrumb","itemListElement":[{"@type":"ListItem","position":1,"name":"Trang ch\u1ee7","item":"https:\/\/lienhop.vn\/"},{"@type":"ListItem","position":2,"name":"S\u1ea3n ph\u1ea9m","item":"https:\/\/lienhop.vn\/san-pham\/"},{"@type":"ListItem","position":3,"name":"Dung m\u00f4i ph\u1ee5 gia x\u00fac b\u00e9c x\u0103ng 3M\u2122 08813 Complete Fuel System Cleaner 473ml"}]}]}},"_links":{"self":[{"href":"https:\/\/lienhop.vn\/en\/wp-json\/wp\/v2\/product\/3745","targetHints":{"allow":["GET"]}}],"collection":[{"href":"https:\/\/lienhop.vn\/en\/wp-json\/wp\/v2\/product"}],"about":[{"href":"https:\/\/lienhop.vn\/en\/wp-json\/wp\/v2\/types\/product"}],"wp:featuredmedia":[{"embeddable":true,"href":"https:\/\/lienhop.vn\/en\/wp-json\/wp\/v2\/media\/8832"}],"wp:attachment":[{"href":"https:\/\/lienhop.vn\/en\/wp-json\/wp\/v2\/media?parent=3745"}],"wp:term":[{"taxonomy":"product_cat","embeddable":true,"href":"https:\/\/lienhop.vn\/en\/wp-json\/wp\/v2\/product_cat?post=3745"},{"taxonomy":"product_tag","embeddable":true,"href":"https:\/\/lienhop.vn\/en\/wp-json\/wp\/v2\/product_tag?post=3745"}],"curies":[{"name":"wp","href":"https:\/\/api.w.org\/{rel}","templated":true}]}}